{"id":7223,"date":"2022-11-13T18:07:30","date_gmt":"2022-11-13T17:07:30","guid":{"rendered":"https:\/\/sylgautier.art\/?post_type=product&#038;p=7223"},"modified":"2024-06-20T00:33:34","modified_gmt":"2024-06-19T22:33:34","slug":"aquila-sale","status":"publish","type":"product","link":"https:\/\/sylgautier.art\/fr\/produit\/aquila-sale\/","title":{"rendered":"AQUILA &#8211; the eagle ray"},"content":{"rendered":"<p><strong>\u00c0 propos de la sculpture<\/strong><br \/>\nJe l'ai nomm\u00e9e \"Aquila\", c'est est une constellation sur l'\u00e9quateur c\u00e9leste. Son nom signifie \"aigle\" en Latin et repr\u00e9sente l'oiseau qui a port\u00e9 les foudres de Zeus\/Jupiter dans la mythologie gr\u00e9co-romaine.<br \/>\nSculpt\u00e9e \u00e0 la main dans du noyer, avec exactement 660 incrustations de tilleul, elle repose sur une base en accacia et laiton. La queue est d\u00e9tachable pour une exp\u00e9dition en toute s\u00e9curit\u00e9.<\/p>\n<p><strong>Paiement:<br \/>\n<\/strong>\u00a0Le paiement sera effectu\u00e9 par virement bancaire. Aucun \u00e9change d'argent ne sera effectu\u00e9 directement via ce site.<\/p>\n<p class=\" translation-block\"><strong>Exp\u00e9dition\u00a0:<\/strong><br>\nLes frais de port ne sont pas inclus dans le prix final. Pour un envoi en France les frais sont estim\u00e9s entre 100\u20ac et 150\u20ac. <br>Pour l'internationnal les frais sont estim\u00e9s entre 150\u20ac et 200\u20ac, l'acheteur sera responsable de tous les frais douanes.<\/p>\n<p class=\" translation-block\"><strong>En savoir plus sur mon travail\u00a0:<\/strong><br>\nAbonnez-vous \u00e0 ma cha\u00eene youtube\u00a0: <a href=\"https:\/\/www.youtube.com\/c\/sylgautier\" target=\"_self\">youtube.com\/c\/sylgautier<\/a><br>\nSuivez-moi sur mes r\u00e9seaux sociaux : <a href=\"https:\/\/www.instagram.com\/syl.gautier\/\" target=\"_self\">Instagram<\/a>, <a href=\"https:\/\/www.facebook.com\/syl.gautier\" target=\"_self\">Facebook<\/a>, <a href=\"https:\/\/twitter.com\/SylGAUTIER\" target=\"_self\">Twitter<\/a>.<\/p>","protected":false},"excerpt":{"rendered":"<p>Raie aigle tachet\u00e9 sculpt\u00e9e \u00e0 la main dans du bois de noyer, avec plus de 600 incrustations de tilleul.<\/p>\n<p><a href=\"https:\/\/youtu.be\/AF4VcJem5Do\" target=\"_blank\" rel=\"noopener\">Cliquez ici pour voir le making of de cette sculpture.<\/a><\/p>\n<p class=\" translation-block\">Envergure : 35 cm <br>\nLongueur (avec la queue attach\u00e9e) : 48 cm<\/p>\n<p class=\" translation-block\">Les frais de port ne sont pas inclus dans le prix final.<br>\nVoir la description ci-dessous pour plus d'informations.<\/p>","protected":false},"featured_media":3703,"template":"","meta":[],"product_cat":[17],"product_tag":[],"yoast_head":"<!-- This site is optimized with the Yoast SEO plugin v19.1 - https:\/\/yoast.com\/wordpress\/plugins\/seo\/ -->\n<title>Sylvain Gautier - AQUILA - the eagle ray<\/title>\n<meta name=\"robots\" content=\"index, follow, max-snippet:-1, max-image-preview:large, max-video-preview:-1\" \/>\n<link rel=\"canonical\" href=\"https:\/\/sylgautier.art\/fr\/produit\/aquila-sale\/\" \/>\n<meta property=\"og:locale\" content=\"fr_FR\" \/>\n<meta property=\"og:type\" content=\"article\" \/>\n<meta property=\"og:title\" content=\"Sylvain Gautier - AQUILA - the eagle ray\" \/>\n<meta property=\"og:description\" content=\"Spotted eagel ray hand carved out of walnut wood, with more than 600 basswood inlays.  Click here to see the making of this sculpture.  Wingspan: 35cm (14 inches) Length (with the tail attached): 48cm (19 inches)  Shipping cost are not included in the final price. See description below for more information.\" \/>\n<meta property=\"og:url\" content=\"https:\/\/sylgautier.art\/fr\/produit\/aquila-sale\/\" \/>\n<meta property=\"og:site_name\" content=\"Sylvain Gautier\" \/>\n<meta property=\"article:publisher\" content=\"https:\/\/www.facebook.com\/syl.gautier\" \/>\n<meta property=\"article:modified_time\" content=\"2024-06-19T22:33:34+00:00\" \/>\n<meta property=\"og:image\" content=\"https:\/\/sylgautier.art\/wp-content\/uploads\/2022\/08\/Aquila01-0001_GT.jpg\" \/>\n\t<meta property=\"og:image:width\" content=\"900\" \/>\n\t<meta property=\"og:image:height\" content=\"560\" \/>\n\t<meta property=\"og:image:type\" content=\"image\/jpeg\" \/>\n<meta name=\"twitter:card\" content=\"summary_large_image\" \/>\n<meta name=\"twitter:site\" content=\"@SylGAUTIER\" \/>\n<meta name=\"twitter:label1\" content=\"Dur\u00e9e de lecture estim\u00e9e\" \/>\n\t<meta name=\"twitter:data1\" content=\"1 minute\" \/>\n<script type=\"application\/ld+json\" class=\"yoast-schema-graph\">{\"@context\":\"https:\/\/schema.org\",\"@graph\":[{\"@type\":[\"Person\",\"Organization\"],\"@id\":\"https:\/\/sylgautier.art\/#\/schema\/person\/629fcdd77d02474e5ee94fe355f025b1\",\"name\":\"syl.gautier\",\"image\":{\"@type\":\"ImageObject\",\"inLanguage\":\"fr-FR\",\"@id\":\"https:\/\/sylgautier.art\/#\/schema\/person\/image\/\",\"url\":\"https:\/\/sylgautier.art\/wp-content\/uploads\/2022\/09\/preview-home.jpg\",\"contentUrl\":\"https:\/\/sylgautier.art\/wp-content\/uploads\/2022\/09\/preview-home.jpg\",\"width\":1064,\"height\":709,\"caption\":\"syl.gautier\"},\"logo\":{\"@id\":\"https:\/\/sylgautier.art\/#\/schema\/person\/image\/\"},\"sameAs\":[\"http:\/\/sylgautier.art\",\"https:\/\/www.facebook.com\/syl.gautier\",\"https:\/\/www.instagram.com\/syl.gautier\/\",\"https:\/\/twitter.com\/https:\/\/twitter.com\/SylGAUTIER\",\"https:\/\/www.youtube.com\/c\/sylgautier\"]},{\"@type\":\"WebSite\",\"@id\":\"https:\/\/sylgautier.art\/#website\",\"url\":\"https:\/\/sylgautier.art\/\",\"name\":\"Sylvain Gautier\",\"description\":\"Sculpteur \/ \u00c9b\u00e9niste\",\"publisher\":{\"@id\":\"https:\/\/sylgautier.art\/#\/schema\/person\/629fcdd77d02474e5ee94fe355f025b1\"},\"potentialAction\":[{\"@type\":\"SearchAction\",\"target\":{\"@type\":\"EntryPoint\",\"urlTemplate\":\"https:\/\/sylgautier.art\/?s={search_term_string}\"},\"query-input\":\"required name=search_term_string\"}],\"inLanguage\":\"fr-FR\"},{\"@type\":\"ImageObject\",\"inLanguage\":\"fr-FR\",\"@id\":\"https:\/\/sylgautier.art\/product\/aquila-sale\/#primaryimage\",\"url\":\"https:\/\/sylgautier.art\/wp-content\/uploads\/2022\/08\/Aquila01-0001_GT.jpg\",\"contentUrl\":\"https:\/\/sylgautier.art\/wp-content\/uploads\/2022\/08\/Aquila01-0001_GT.jpg\",\"width\":900,\"height\":560},{\"@type\":\"WebPage\",\"@id\":\"https:\/\/sylgautier.art\/product\/aquila-sale\/#webpage\",\"url\":\"https:\/\/sylgautier.art\/product\/aquila-sale\/\",\"name\":\"Sylvain Gautier - AQUILA - the eagle ray\",\"isPartOf\":{\"@id\":\"https:\/\/sylgautier.art\/#website\"},\"primaryImageOfPage\":{\"@id\":\"https:\/\/sylgautier.art\/product\/aquila-sale\/#primaryimage\"},\"datePublished\":\"2022-11-13T17:07:30+00:00\",\"dateModified\":\"2024-06-19T22:33:34+00:00\",\"breadcrumb\":{\"@id\":\"https:\/\/sylgautier.art\/product\/aquila-sale\/#breadcrumb\"},\"inLanguage\":\"fr-FR\",\"potentialAction\":[{\"@type\":\"ReadAction\",\"target\":[\"https:\/\/sylgautier.art\/product\/aquila-sale\/\"]}]},{\"@type\":\"BreadcrumbList\",\"@id\":\"https:\/\/sylgautier.art\/product\/aquila-sale\/#breadcrumb\",\"itemListElement\":[{\"@type\":\"ListItem\",\"position\":1,\"name\":\"Home\",\"item\":\"https:\/\/sylgautier.art\/\"},{\"@type\":\"ListItem\",\"position\":2,\"name\":\"AQUILA &#8211; the eagle ray\"}]}]}<\/script>\n<!-- \/ Yoast SEO plugin. -->","yoast_head_json":{"title":"Sylvain Gautier - AQUILA - the eagle ray","robots":{"index":"index","follow":"follow","max-snippet":"max-snippet:-1","max-image-preview":"max-image-preview:large","max-video-preview":"max-video-preview:-1"},"canonical":"https:\/\/sylgautier.art\/fr\/produit\/aquila-sale\/","og_locale":"fr_FR","og_type":"article","og_title":"Sylvain Gautier - AQUILA - the eagle ray","og_description":"Spotted eagel ray hand carved out of walnut wood, with more than 600 basswood inlays.  Click here to see the making of this sculpture.  Wingspan: 35cm (14 inches) Length (with the tail attached): 48cm (19 inches)  Shipping cost are not included in the final price. See description below for more information.","og_url":"https:\/\/sylgautier.art\/fr\/produit\/aquila-sale\/","og_site_name":"Sylvain Gautier","article_publisher":"https:\/\/www.facebook.com\/syl.gautier","article_modified_time":"2024-06-19T22:33:34+00:00","og_image":[{"width":900,"height":560,"url":"https:\/\/sylgautier.art\/wp-content\/uploads\/2022\/08\/Aquila01-0001_GT.jpg","type":"image\/jpeg"}],"twitter_card":"summary_large_image","twitter_site":"@SylGAUTIER","twitter_misc":{"Dur\u00e9e de lecture estim\u00e9e":"1 minute"},"schema":{"@context":"https:\/\/schema.org","@graph":[{"@type":["Person","Organization"],"@id":"https:\/\/sylgautier.art\/#\/schema\/person\/629fcdd77d02474e5ee94fe355f025b1","name":"syl.gautier","image":{"@type":"ImageObject","inLanguage":"fr-FR","@id":"https:\/\/sylgautier.art\/#\/schema\/person\/image\/","url":"https:\/\/sylgautier.art\/wp-content\/uploads\/2022\/09\/preview-home.jpg","contentUrl":"https:\/\/sylgautier.art\/wp-content\/uploads\/2022\/09\/preview-home.jpg","width":1064,"height":709,"caption":"syl.gautier"},"logo":{"@id":"https:\/\/sylgautier.art\/#\/schema\/person\/image\/"},"sameAs":["http:\/\/sylgautier.art","https:\/\/www.facebook.com\/syl.gautier","https:\/\/www.instagram.com\/syl.gautier\/","https:\/\/twitter.com\/https:\/\/twitter.com\/SylGAUTIER","https:\/\/www.youtube.com\/c\/sylgautier"]},{"@type":"WebSite","@id":"https:\/\/sylgautier.art\/#website","url":"https:\/\/sylgautier.art\/","name":"Sylvain Gautier","description":"Sculpteur \/ \u00c9b\u00e9niste","publisher":{"@id":"https:\/\/sylgautier.art\/#\/schema\/person\/629fcdd77d02474e5ee94fe355f025b1"},"potentialAction":[{"@type":"SearchAction","target":{"@type":"EntryPoint","urlTemplate":"https:\/\/sylgautier.art\/?s={search_term_string}"},"query-input":"required name=search_term_string"}],"inLanguage":"fr-FR"},{"@type":"ImageObject","inLanguage":"fr-FR","@id":"https:\/\/sylgautier.art\/product\/aquila-sale\/#primaryimage","url":"https:\/\/sylgautier.art\/wp-content\/uploads\/2022\/08\/Aquila01-0001_GT.jpg","contentUrl":"https:\/\/sylgautier.art\/wp-content\/uploads\/2022\/08\/Aquila01-0001_GT.jpg","width":900,"height":560},{"@type":"WebPage","@id":"https:\/\/sylgautier.art\/product\/aquila-sale\/#webpage","url":"https:\/\/sylgautier.art\/product\/aquila-sale\/","name":"Sylvain Gautier - AQUILA - the eagle ray","isPartOf":{"@id":"https:\/\/sylgautier.art\/#website"},"primaryImageOfPage":{"@id":"https:\/\/sylgautier.art\/product\/aquila-sale\/#primaryimage"},"datePublished":"2022-11-13T17:07:30+00:00","dateModified":"2024-06-19T22:33:34+00:00","breadcrumb":{"@id":"https:\/\/sylgautier.art\/product\/aquila-sale\/#breadcrumb"},"inLanguage":"fr-FR","potentialAction":[{"@type":"ReadAction","target":["https:\/\/sylgautier.art\/product\/aquila-sale\/"]}]},{"@type":"BreadcrumbList","@id":"https:\/\/sylgautier.art\/product\/aquila-sale\/#breadcrumb","itemListElement":[{"@type":"ListItem","position":1,"name":"Home","item":"https:\/\/sylgautier.art\/"},{"@type":"ListItem","position":2,"name":"AQUILA &#8211; the eagle ray"}]}]}},"post_mailing_queue_ids":[],"_links":{"self":[{"href":"https:\/\/sylgautier.art\/fr\/wp-json\/wp\/v2\/product\/7223"}],"collection":[{"href":"https:\/\/sylgautier.art\/fr\/wp-json\/wp\/v2\/product"}],"about":[{"href":"https:\/\/sylgautier.art\/fr\/wp-json\/wp\/v2\/types\/product"}],"wp:featuredmedia":[{"embeddable":true,"href":"https:\/\/sylgautier.art\/fr\/wp-json\/wp\/v2\/media\/3703"}],"wp:attachment":[{"href":"https:\/\/sylgautier.art\/fr\/wp-json\/wp\/v2\/media?parent=7223"}],"wp:term":[{"taxonomy":"product_cat","embeddable":true,"href":"https:\/\/sylgautier.art\/fr\/wp-json\/wp\/v2\/product_cat?post=7223"},{"taxonomy":"product_tag","embeddable":true,"href":"https:\/\/sylgautier.art\/fr\/wp-json\/wp\/v2\/product_tag?post=7223"}],"curies":[{"name":"wp","href":"https:\/\/api.w.org\/{rel}","templated":true}]}}