{"id":13125,"date":"2026-03-13T12:15:32","date_gmt":"2026-03-13T11:15:32","guid":{"rendered":"https:\/\/sylgautier.art\/?post_type=product&#038;p=13125"},"modified":"2026-03-13T13:10:27","modified_gmt":"2026-03-13T12:10:27","slug":"natsilane-03","status":"publish","type":"product","link":"https:\/\/sylgautier.art\/fr\/produit\/natsilane-03\/","title":{"rendered":"NATSILANE #03"},"content":{"rendered":"<p><strong>\u00c0 propos de la sculpture<\/strong><br \/>\nJ'ai cr\u00e9\u00e9 cette sculpture dans mon atelier \u00e0 Toulouse.<br \/>\nSon nom vient d'une l\u00e9gende des Tlingit, une tribu d'Alaska. Cette histoire parle de la premi\u00e8re orque qui a pris vie et de sa relation avec les humains. <a href=\"https:\/\/bremolympicnlus.wordpress.com\/2017\/09\/21\/the-legend-of-natsilane\/\" target=\"_blank\" rel=\"noreferrer noopener\">Cliquez ici pour lire la l\u00e9gende (en Anglais)<\/a><\/p>\n<p>L'orque et les vagues sont en tilleul, le cadre en noyer et la base en acacia. La couleur noire est obtenue par combustion du bois.<\/p>\n<p><strong>Paiement:<br \/>\n<\/strong>Le paiement sera effectu\u00e9 en euros par virement bancaire. Aucun \u00e9change d'argent ne sera effectu\u00e9 directement via ce site web. Les frais de change seront \u00e0 la charge de l'acheteur.<\/p>\n<p><strong>Exp\u00e9dition:<\/strong><br \/>\nLes frais de port ne sont pas inclus dans le prix final. Pour une exp\u00e9dition en Europe ou aux USA les frais sont estim\u00e9s entre 150\u20ac et 300\u20ac (pour l'Asie\/Oc\u00e9anie me contacter au pr\u00e9alable).<br \/>\nVeuillez pr\u00e9voir deux \u00e0 trois semaines pour construire la caisse et exp\u00e9dier la sculpture.<br \/>\nL'acheteur sera responsable de tous les droits de douane ou d\u00e9douanements pour une exp\u00e9dition internationale.<\/p>\n<p><strong>En savoir plus sur mon travail :<\/strong><br \/>\nAbonnez-vous \u00e0 ma cha\u00eene YouTube : <a href=\"https:\/\/www.youtube.com\/c\/sylgautier\">youtube.com\/c\/sylgautier<\/a><br \/>\nSuivez-moi sur mes r\u00e9seaux sociaux : <a href=\"https:\/\/www.instagram.com\/syl.gautier\/\">Instagram<\/a>, <a href=\"https:\/\/www.facebook.com\/syl.gautier\">Facebook<\/a><\/p>","protected":false},"excerpt":{"rendered":"<p>Dimensions: heigth: 30cm, width: 21cm, depth: 16 cm.<br \/>\nMat\u00e9riaux : tilleul, noyer, acacia, laiton, acier.<\/p>\n<p><a href=\"https:\/\/youtu.be\/SWULfantaNk\" target=\"_blank\" rel=\"noopener\">Vid\u00e9o de cette sculpture en mouvement.<\/a><br \/>\n<a href=\"https:\/\/youtu.be\/c3BNWIs2EzE\" target=\"_blank\" rel=\"noopener\">Comment je fabrique une baleine m\u00e9canique.<\/a><\/p>\n<p class=\" translation-block\">Les frais de port ne sont pas inclus dans le prix final.<br>\nVoir la description ci-dessous pour plus d'informations.<\/p>","protected":false},"featured_media":13126,"template":"","meta":[],"product_cat":[17],"product_tag":[],"yoast_head":"<!-- This site is optimized with the Yoast SEO plugin v19.1 - https:\/\/yoast.com\/wordpress\/plugins\/seo\/ -->\n<title>Sylvain Gautier - NATSILANE #03<\/title>\n<meta name=\"robots\" content=\"index, follow, max-snippet:-1, max-image-preview:large, max-video-preview:-1\" \/>\n<link rel=\"canonical\" href=\"https:\/\/sylgautier.art\/fr\/produit\/natsilane-03\/\" \/>\n<meta property=\"og:locale\" content=\"fr_FR\" \/>\n<meta property=\"og:type\" content=\"article\" \/>\n<meta property=\"og:title\" content=\"Sylvain Gautier - NATSILANE #03\" \/>\n<meta property=\"og:description\" content=\"Dimensions: heigth: 30cm, width: 21cm, depth: 16 cm. Materials: basswood, walnut, acacia, brass, steel.  Watch a video of this sculpture in motion. Watch how I craft a mechanical whale.  Shipping cost are not included in the final price. See description below for more information.\" \/>\n<meta property=\"og:url\" content=\"https:\/\/sylgautier.art\/fr\/produit\/natsilane-03\/\" \/>\n<meta property=\"og:site_name\" content=\"Sylvain Gautier\" \/>\n<meta property=\"article:publisher\" content=\"https:\/\/www.facebook.com\/syl.gautier\" \/>\n<meta property=\"article:modified_time\" content=\"2026-03-13T12:10:27+00:00\" \/>\n<meta property=\"og:image\" content=\"https:\/\/sylgautier.art\/wp-content\/uploads\/2026\/03\/IMG-001.jpg\" \/>\n\t<meta property=\"og:image:width\" content=\"2000\" \/>\n\t<meta property=\"og:image:height\" content=\"1333\" \/>\n\t<meta property=\"og:image:type\" content=\"image\/jpeg\" \/>\n<meta name=\"twitter:card\" content=\"summary_large_image\" \/>\n<meta name=\"twitter:site\" content=\"@SylGAUTIER\" \/>\n<meta name=\"twitter:label1\" content=\"Dur\u00e9e de lecture estim\u00e9e\" \/>\n\t<meta name=\"twitter:data1\" content=\"1 minute\" \/>\n<script type=\"application\/ld+json\" class=\"yoast-schema-graph\">{\"@context\":\"https:\/\/schema.org\",\"@graph\":[{\"@type\":[\"Person\",\"Organization\"],\"@id\":\"https:\/\/sylgautier.art\/#\/schema\/person\/629fcdd77d02474e5ee94fe355f025b1\",\"name\":\"syl.gautier\",\"image\":{\"@type\":\"ImageObject\",\"inLanguage\":\"fr-FR\",\"@id\":\"https:\/\/sylgautier.art\/#\/schema\/person\/image\/\",\"url\":\"https:\/\/sylgautier.art\/wp-content\/uploads\/2022\/09\/preview-home.jpg\",\"contentUrl\":\"https:\/\/sylgautier.art\/wp-content\/uploads\/2022\/09\/preview-home.jpg\",\"width\":1064,\"height\":709,\"caption\":\"syl.gautier\"},\"logo\":{\"@id\":\"https:\/\/sylgautier.art\/#\/schema\/person\/image\/\"},\"sameAs\":[\"http:\/\/sylgautier.art\",\"https:\/\/www.facebook.com\/syl.gautier\",\"https:\/\/www.instagram.com\/syl.gautier\/\",\"https:\/\/twitter.com\/https:\/\/twitter.com\/SylGAUTIER\",\"https:\/\/www.youtube.com\/c\/sylgautier\"]},{\"@type\":\"WebSite\",\"@id\":\"https:\/\/sylgautier.art\/#website\",\"url\":\"https:\/\/sylgautier.art\/\",\"name\":\"Sylvain Gautier\",\"description\":\"Sculpteur \/ \u00c9b\u00e9niste\",\"publisher\":{\"@id\":\"https:\/\/sylgautier.art\/#\/schema\/person\/629fcdd77d02474e5ee94fe355f025b1\"},\"potentialAction\":[{\"@type\":\"SearchAction\",\"target\":{\"@type\":\"EntryPoint\",\"urlTemplate\":\"https:\/\/sylgautier.art\/?s={search_term_string}\"},\"query-input\":\"required name=search_term_string\"}],\"inLanguage\":\"fr-FR\"},{\"@type\":\"ImageObject\",\"inLanguage\":\"fr-FR\",\"@id\":\"https:\/\/sylgautier.art\/product\/natsilane-03\/#primaryimage\",\"url\":\"https:\/\/sylgautier.art\/wp-content\/uploads\/2026\/03\/IMG-001.jpg\",\"contentUrl\":\"https:\/\/sylgautier.art\/wp-content\/uploads\/2026\/03\/IMG-001.jpg\",\"width\":2000,\"height\":1333},{\"@type\":\"WebPage\",\"@id\":\"https:\/\/sylgautier.art\/product\/natsilane-03\/#webpage\",\"url\":\"https:\/\/sylgautier.art\/product\/natsilane-03\/\",\"name\":\"Sylvain Gautier - NATSILANE #03\",\"isPartOf\":{\"@id\":\"https:\/\/sylgautier.art\/#website\"},\"primaryImageOfPage\":{\"@id\":\"https:\/\/sylgautier.art\/product\/natsilane-03\/#primaryimage\"},\"datePublished\":\"2026-03-13T11:15:32+00:00\",\"dateModified\":\"2026-03-13T12:10:27+00:00\",\"breadcrumb\":{\"@id\":\"https:\/\/sylgautier.art\/product\/natsilane-03\/#breadcrumb\"},\"inLanguage\":\"fr-FR\",\"potentialAction\":[{\"@type\":\"ReadAction\",\"target\":[\"https:\/\/sylgautier.art\/product\/natsilane-03\/\"]}]},{\"@type\":\"BreadcrumbList\",\"@id\":\"https:\/\/sylgautier.art\/product\/natsilane-03\/#breadcrumb\",\"itemListElement\":[{\"@type\":\"ListItem\",\"position\":1,\"name\":\"Home\",\"item\":\"https:\/\/sylgautier.art\/\"},{\"@type\":\"ListItem\",\"position\":2,\"name\":\"NATSILANE #03\"}]}]}<\/script>\n<!-- \/ Yoast SEO plugin. -->","yoast_head_json":{"title":"Sylvain Gautier - NATSILANE #03","robots":{"index":"index","follow":"follow","max-snippet":"max-snippet:-1","max-image-preview":"max-image-preview:large","max-video-preview":"max-video-preview:-1"},"canonical":"https:\/\/sylgautier.art\/fr\/produit\/natsilane-03\/","og_locale":"fr_FR","og_type":"article","og_title":"Sylvain Gautier - NATSILANE #03","og_description":"Dimensions: heigth: 30cm, width: 21cm, depth: 16 cm. Materials: basswood, walnut, acacia, brass, steel.  Watch a video of this sculpture in motion. Watch how I craft a mechanical whale.  Shipping cost are not included in the final price. See description below for more information.","og_url":"https:\/\/sylgautier.art\/fr\/produit\/natsilane-03\/","og_site_name":"Sylvain Gautier","article_publisher":"https:\/\/www.facebook.com\/syl.gautier","article_modified_time":"2026-03-13T12:10:27+00:00","og_image":[{"width":2000,"height":1333,"url":"https:\/\/sylgautier.art\/wp-content\/uploads\/2026\/03\/IMG-001.jpg","type":"image\/jpeg"}],"twitter_card":"summary_large_image","twitter_site":"@SylGAUTIER","twitter_misc":{"Dur\u00e9e de lecture estim\u00e9e":"1 minute"},"schema":{"@context":"https:\/\/schema.org","@graph":[{"@type":["Person","Organization"],"@id":"https:\/\/sylgautier.art\/#\/schema\/person\/629fcdd77d02474e5ee94fe355f025b1","name":"syl.gautier","image":{"@type":"ImageObject","inLanguage":"fr-FR","@id":"https:\/\/sylgautier.art\/#\/schema\/person\/image\/","url":"https:\/\/sylgautier.art\/wp-content\/uploads\/2022\/09\/preview-home.jpg","contentUrl":"https:\/\/sylgautier.art\/wp-content\/uploads\/2022\/09\/preview-home.jpg","width":1064,"height":709,"caption":"syl.gautier"},"logo":{"@id":"https:\/\/sylgautier.art\/#\/schema\/person\/image\/"},"sameAs":["http:\/\/sylgautier.art","https:\/\/www.facebook.com\/syl.gautier","https:\/\/www.instagram.com\/syl.gautier\/","https:\/\/twitter.com\/https:\/\/twitter.com\/SylGAUTIER","https:\/\/www.youtube.com\/c\/sylgautier"]},{"@type":"WebSite","@id":"https:\/\/sylgautier.art\/#website","url":"https:\/\/sylgautier.art\/","name":"Sylvain Gautier","description":"Sculpteur \/ \u00c9b\u00e9niste","publisher":{"@id":"https:\/\/sylgautier.art\/#\/schema\/person\/629fcdd77d02474e5ee94fe355f025b1"},"potentialAction":[{"@type":"SearchAction","target":{"@type":"EntryPoint","urlTemplate":"https:\/\/sylgautier.art\/?s={search_term_string}"},"query-input":"required name=search_term_string"}],"inLanguage":"fr-FR"},{"@type":"ImageObject","inLanguage":"fr-FR","@id":"https:\/\/sylgautier.art\/product\/natsilane-03\/#primaryimage","url":"https:\/\/sylgautier.art\/wp-content\/uploads\/2026\/03\/IMG-001.jpg","contentUrl":"https:\/\/sylgautier.art\/wp-content\/uploads\/2026\/03\/IMG-001.jpg","width":2000,"height":1333},{"@type":"WebPage","@id":"https:\/\/sylgautier.art\/product\/natsilane-03\/#webpage","url":"https:\/\/sylgautier.art\/product\/natsilane-03\/","name":"Sylvain Gautier - NATSILANE #03","isPartOf":{"@id":"https:\/\/sylgautier.art\/#website"},"primaryImageOfPage":{"@id":"https:\/\/sylgautier.art\/product\/natsilane-03\/#primaryimage"},"datePublished":"2026-03-13T11:15:32+00:00","dateModified":"2026-03-13T12:10:27+00:00","breadcrumb":{"@id":"https:\/\/sylgautier.art\/product\/natsilane-03\/#breadcrumb"},"inLanguage":"fr-FR","potentialAction":[{"@type":"ReadAction","target":["https:\/\/sylgautier.art\/product\/natsilane-03\/"]}]},{"@type":"BreadcrumbList","@id":"https:\/\/sylgautier.art\/product\/natsilane-03\/#breadcrumb","itemListElement":[{"@type":"ListItem","position":1,"name":"Home","item":"https:\/\/sylgautier.art\/"},{"@type":"ListItem","position":2,"name":"NATSILANE #03"}]}]}},"post_mailing_queue_ids":[],"_links":{"self":[{"href":"https:\/\/sylgautier.art\/fr\/wp-json\/wp\/v2\/product\/13125"}],"collection":[{"href":"https:\/\/sylgautier.art\/fr\/wp-json\/wp\/v2\/product"}],"about":[{"href":"https:\/\/sylgautier.art\/fr\/wp-json\/wp\/v2\/types\/product"}],"wp:featuredmedia":[{"embeddable":true,"href":"https:\/\/sylgautier.art\/fr\/wp-json\/wp\/v2\/media\/13126"}],"wp:attachment":[{"href":"https:\/\/sylgautier.art\/fr\/wp-json\/wp\/v2\/media?parent=13125"}],"wp:term":[{"taxonomy":"product_cat","embeddable":true,"href":"https:\/\/sylgautier.art\/fr\/wp-json\/wp\/v2\/product_cat?post=13125"},{"taxonomy":"product_tag","embeddable":true,"href":"https:\/\/sylgautier.art\/fr\/wp-json\/wp\/v2\/product_tag?post=13125"}],"curies":[{"name":"wp","href":"https:\/\/api.w.org\/{rel}","templated":true}]}}