{"id":12872,"date":"2024-06-21T22:00:48","date_gmt":"2024-06-21T20:00:48","guid":{"rendered":"https:\/\/sylgautier.art\/?post_type=product&#038;p=12872"},"modified":"2025-12-15T18:38:55","modified_gmt":"2025-12-15T17:38:55","slug":"mobula-manta-ray-sale","status":"publish","type":"product","link":"https:\/\/sylgautier.art\/fr\/produit\/mobula-manta-ray-sale\/","title":{"rendered":"MOBULA \u2013 Raie manta"},"content":{"rendered":"<p><strong>\u00c0 propos de la sculpture<\/strong><br \/>\nJ'ai sculpt\u00e9 cette raie manta \u00e0 la main dans mon atelier \u00e0 Toulouse. R\u00e9alis\u00e9e en bois de noyer et d'\u00e9rable, elle repose sur une base en acacia et laiton. La queue est d\u00e9tachable pour une exp\u00e9dition en toute s\u00e9curit\u00e9.<\/p>\n<p><strong>Paiement:<br \/>\n<\/strong>\u00a0Le paiement sera effectu\u00e9 par virement bancaire. Aucun \u00e9change d'argent ne sera effectu\u00e9 directement via ce site.<\/p>\n<p><strong>Exp\u00e9dition:<\/strong><br \/>\nShipping costs are not included in the final price. For shipping in Europe or USA the costs are estimated between 250\u20ac and 400\u20ac (for Asia\/Oceania please contact me first).<br \/>\nVeuillez pr\u00e9voir deux \u00e0 trois semaines pour construire la caisse et exp\u00e9dier la sculpture.<br \/>\nL'acheteur sera responsable de tous les droits de douane ou d\u00e9douanements pour une exp\u00e9dition internationale.<\/p>\n<p><strong>En savoir plus sur mon travail :<\/strong><br \/>\nAbonnez-vous \u00e0 ma cha\u00eene YouTube : <a href=\"https:\/\/www.youtube.com\/c\/sylgautier\">youtube.com\/c\/sylgautier<\/a><br \/>\nSuivez-moi sur mes r\u00e9seaux sociaux : <a href=\"https:\/\/www.instagram.com\/syl.gautier\/\">Instagram<\/a>, <a href=\"https:\/\/www.facebook.com\/syl.gautier\">Facebook<\/a><\/p>","protected":false},"excerpt":{"rendered":"<p>Raie manta sculpt\u00e9e \u00e0 la main en bois de noyer et d'\u00e9rable.<\/p>\n<p class=\" translation-block\">Largeur : 42 cm<br>\nLongueur (avec la queue attach\u00e9e) : 62 cm<br>\nHauteur (avec la base) : 40 cm<\/p>\n<p class=\" translation-block\">Les frais de port ne sont pas inclus dans le prix final.<br>\nVoir la description ci-dessous pour plus d'informations.<\/p>","protected":false},"featured_media":12874,"template":"","meta":[],"product_cat":[17],"product_tag":[],"yoast_head":"<!-- This site is optimized with the Yoast SEO plugin v19.1 - https:\/\/yoast.com\/wordpress\/plugins\/seo\/ -->\n<title>Sylvain Gautier - MOBULA - Manta ray<\/title>\n<meta name=\"robots\" content=\"index, follow, max-snippet:-1, max-image-preview:large, max-video-preview:-1\" \/>\n<link rel=\"canonical\" href=\"https:\/\/sylgautier.art\/fr\/produit\/mobula-manta-ray-sale\/\" \/>\n<meta property=\"og:locale\" content=\"fr_FR\" \/>\n<meta property=\"og:type\" content=\"article\" \/>\n<meta property=\"og:title\" content=\"Sylvain Gautier - MOBULA - Manta ray\" \/>\n<meta property=\"og:description\" content=\"Manta ray handcarved out of walnut wood and maple.  Width: 42cm (16.5 inches) Length (with the tail attached): 62cm (24.5 inches) Height (with the base): 40cm (15.7 inches)  Shipping cost are not included in the final price. See description below for more information.\" \/>\n<meta property=\"og:url\" content=\"https:\/\/sylgautier.art\/fr\/produit\/mobula-manta-ray-sale\/\" \/>\n<meta property=\"og:site_name\" content=\"Sylvain Gautier\" \/>\n<meta property=\"article:publisher\" content=\"https:\/\/www.facebook.com\/syl.gautier\" \/>\n<meta property=\"article:modified_time\" content=\"2025-12-15T17:38:55+00:00\" \/>\n<meta property=\"og:image\" content=\"https:\/\/sylgautier.art\/wp-content\/uploads\/2024\/06\/IMG-002.jpg\" \/>\n\t<meta property=\"og:image:width\" content=\"2000\" \/>\n\t<meta property=\"og:image:height\" content=\"1333\" \/>\n\t<meta property=\"og:image:type\" content=\"image\/jpeg\" \/>\n<meta name=\"twitter:card\" content=\"summary_large_image\" \/>\n<meta name=\"twitter:site\" content=\"@SylGAUTIER\" \/>\n<meta name=\"twitter:label1\" content=\"Dur\u00e9e de lecture estim\u00e9e\" \/>\n\t<meta name=\"twitter:data1\" content=\"1 minute\" \/>\n<script type=\"application\/ld+json\" class=\"yoast-schema-graph\">{\"@context\":\"https:\/\/schema.org\",\"@graph\":[{\"@type\":[\"Person\",\"Organization\"],\"@id\":\"https:\/\/sylgautier.art\/#\/schema\/person\/629fcdd77d02474e5ee94fe355f025b1\",\"name\":\"syl.gautier\",\"image\":{\"@type\":\"ImageObject\",\"inLanguage\":\"fr-FR\",\"@id\":\"https:\/\/sylgautier.art\/#\/schema\/person\/image\/\",\"url\":\"https:\/\/sylgautier.art\/wp-content\/uploads\/2022\/09\/preview-home.jpg\",\"contentUrl\":\"https:\/\/sylgautier.art\/wp-content\/uploads\/2022\/09\/preview-home.jpg\",\"width\":1064,\"height\":709,\"caption\":\"syl.gautier\"},\"logo\":{\"@id\":\"https:\/\/sylgautier.art\/#\/schema\/person\/image\/\"},\"sameAs\":[\"http:\/\/sylgautier.art\",\"https:\/\/www.facebook.com\/syl.gautier\",\"https:\/\/www.instagram.com\/syl.gautier\/\",\"https:\/\/twitter.com\/https:\/\/twitter.com\/SylGAUTIER\",\"https:\/\/www.youtube.com\/c\/sylgautier\"]},{\"@type\":\"WebSite\",\"@id\":\"https:\/\/sylgautier.art\/#website\",\"url\":\"https:\/\/sylgautier.art\/\",\"name\":\"Sylvain Gautier\",\"description\":\"Sculpteur \/ \u00c9b\u00e9niste\",\"publisher\":{\"@id\":\"https:\/\/sylgautier.art\/#\/schema\/person\/629fcdd77d02474e5ee94fe355f025b1\"},\"potentialAction\":[{\"@type\":\"SearchAction\",\"target\":{\"@type\":\"EntryPoint\",\"urlTemplate\":\"https:\/\/sylgautier.art\/?s={search_term_string}\"},\"query-input\":\"required name=search_term_string\"}],\"inLanguage\":\"fr-FR\"},{\"@type\":\"ImageObject\",\"inLanguage\":\"fr-FR\",\"@id\":\"https:\/\/sylgautier.art\/product\/mobula-manta-ray-sale\/#primaryimage\",\"url\":\"https:\/\/sylgautier.art\/wp-content\/uploads\/2024\/06\/IMG-002.jpg\",\"contentUrl\":\"https:\/\/sylgautier.art\/wp-content\/uploads\/2024\/06\/IMG-002.jpg\",\"width\":2000,\"height\":1333},{\"@type\":\"WebPage\",\"@id\":\"https:\/\/sylgautier.art\/product\/mobula-manta-ray-sale\/#webpage\",\"url\":\"https:\/\/sylgautier.art\/product\/mobula-manta-ray-sale\/\",\"name\":\"Sylvain Gautier - MOBULA - Manta ray\",\"isPartOf\":{\"@id\":\"https:\/\/sylgautier.art\/#website\"},\"primaryImageOfPage\":{\"@id\":\"https:\/\/sylgautier.art\/product\/mobula-manta-ray-sale\/#primaryimage\"},\"datePublished\":\"2024-06-21T20:00:48+00:00\",\"dateModified\":\"2025-12-15T17:38:55+00:00\",\"breadcrumb\":{\"@id\":\"https:\/\/sylgautier.art\/product\/mobula-manta-ray-sale\/#breadcrumb\"},\"inLanguage\":\"fr-FR\",\"potentialAction\":[{\"@type\":\"ReadAction\",\"target\":[\"https:\/\/sylgautier.art\/product\/mobula-manta-ray-sale\/\"]}]},{\"@type\":\"BreadcrumbList\",\"@id\":\"https:\/\/sylgautier.art\/product\/mobula-manta-ray-sale\/#breadcrumb\",\"itemListElement\":[{\"@type\":\"ListItem\",\"position\":1,\"name\":\"Home\",\"item\":\"https:\/\/sylgautier.art\/\"},{\"@type\":\"ListItem\",\"position\":2,\"name\":\"MOBULA &#8211; Manta ray\"}]}]}<\/script>\n<!-- \/ Yoast SEO plugin. -->","yoast_head_json":{"title":"Sylvain Gautier - MOBULA - Manta ray","robots":{"index":"index","follow":"follow","max-snippet":"max-snippet:-1","max-image-preview":"max-image-preview:large","max-video-preview":"max-video-preview:-1"},"canonical":"https:\/\/sylgautier.art\/fr\/produit\/mobula-manta-ray-sale\/","og_locale":"fr_FR","og_type":"article","og_title":"Sylvain Gautier - MOBULA - Manta ray","og_description":"Manta ray handcarved out of walnut wood and maple.  Width: 42cm (16.5 inches) Length (with the tail attached): 62cm (24.5 inches) Height (with the base): 40cm (15.7 inches)  Shipping cost are not included in the final price. See description below for more information.","og_url":"https:\/\/sylgautier.art\/fr\/produit\/mobula-manta-ray-sale\/","og_site_name":"Sylvain Gautier","article_publisher":"https:\/\/www.facebook.com\/syl.gautier","article_modified_time":"2025-12-15T17:38:55+00:00","og_image":[{"width":2000,"height":1333,"url":"https:\/\/sylgautier.art\/wp-content\/uploads\/2024\/06\/IMG-002.jpg","type":"image\/jpeg"}],"twitter_card":"summary_large_image","twitter_site":"@SylGAUTIER","twitter_misc":{"Dur\u00e9e de lecture estim\u00e9e":"1 minute"},"schema":{"@context":"https:\/\/schema.org","@graph":[{"@type":["Person","Organization"],"@id":"https:\/\/sylgautier.art\/#\/schema\/person\/629fcdd77d02474e5ee94fe355f025b1","name":"syl.gautier","image":{"@type":"ImageObject","inLanguage":"fr-FR","@id":"https:\/\/sylgautier.art\/#\/schema\/person\/image\/","url":"https:\/\/sylgautier.art\/wp-content\/uploads\/2022\/09\/preview-home.jpg","contentUrl":"https:\/\/sylgautier.art\/wp-content\/uploads\/2022\/09\/preview-home.jpg","width":1064,"height":709,"caption":"syl.gautier"},"logo":{"@id":"https:\/\/sylgautier.art\/#\/schema\/person\/image\/"},"sameAs":["http:\/\/sylgautier.art","https:\/\/www.facebook.com\/syl.gautier","https:\/\/www.instagram.com\/syl.gautier\/","https:\/\/twitter.com\/https:\/\/twitter.com\/SylGAUTIER","https:\/\/www.youtube.com\/c\/sylgautier"]},{"@type":"WebSite","@id":"https:\/\/sylgautier.art\/#website","url":"https:\/\/sylgautier.art\/","name":"Sylvain Gautier","description":"Sculpteur \/ \u00c9b\u00e9niste","publisher":{"@id":"https:\/\/sylgautier.art\/#\/schema\/person\/629fcdd77d02474e5ee94fe355f025b1"},"potentialAction":[{"@type":"SearchAction","target":{"@type":"EntryPoint","urlTemplate":"https:\/\/sylgautier.art\/?s={search_term_string}"},"query-input":"required name=search_term_string"}],"inLanguage":"fr-FR"},{"@type":"ImageObject","inLanguage":"fr-FR","@id":"https:\/\/sylgautier.art\/product\/mobula-manta-ray-sale\/#primaryimage","url":"https:\/\/sylgautier.art\/wp-content\/uploads\/2024\/06\/IMG-002.jpg","contentUrl":"https:\/\/sylgautier.art\/wp-content\/uploads\/2024\/06\/IMG-002.jpg","width":2000,"height":1333},{"@type":"WebPage","@id":"https:\/\/sylgautier.art\/product\/mobula-manta-ray-sale\/#webpage","url":"https:\/\/sylgautier.art\/product\/mobula-manta-ray-sale\/","name":"Sylvain Gautier - MOBULA - Manta ray","isPartOf":{"@id":"https:\/\/sylgautier.art\/#website"},"primaryImageOfPage":{"@id":"https:\/\/sylgautier.art\/product\/mobula-manta-ray-sale\/#primaryimage"},"datePublished":"2024-06-21T20:00:48+00:00","dateModified":"2025-12-15T17:38:55+00:00","breadcrumb":{"@id":"https:\/\/sylgautier.art\/product\/mobula-manta-ray-sale\/#breadcrumb"},"inLanguage":"fr-FR","potentialAction":[{"@type":"ReadAction","target":["https:\/\/sylgautier.art\/product\/mobula-manta-ray-sale\/"]}]},{"@type":"BreadcrumbList","@id":"https:\/\/sylgautier.art\/product\/mobula-manta-ray-sale\/#breadcrumb","itemListElement":[{"@type":"ListItem","position":1,"name":"Home","item":"https:\/\/sylgautier.art\/"},{"@type":"ListItem","position":2,"name":"MOBULA &#8211; Manta ray"}]}]}},"post_mailing_queue_ids":[],"_links":{"self":[{"href":"https:\/\/sylgautier.art\/fr\/wp-json\/wp\/v2\/product\/12872"}],"collection":[{"href":"https:\/\/sylgautier.art\/fr\/wp-json\/wp\/v2\/product"}],"about":[{"href":"https:\/\/sylgautier.art\/fr\/wp-json\/wp\/v2\/types\/product"}],"wp:featuredmedia":[{"embeddable":true,"href":"https:\/\/sylgautier.art\/fr\/wp-json\/wp\/v2\/media\/12874"}],"wp:attachment":[{"href":"https:\/\/sylgautier.art\/fr\/wp-json\/wp\/v2\/media?parent=12872"}],"wp:term":[{"taxonomy":"product_cat","embeddable":true,"href":"https:\/\/sylgautier.art\/fr\/wp-json\/wp\/v2\/product_cat?post=12872"},{"taxonomy":"product_tag","embeddable":true,"href":"https:\/\/sylgautier.art\/fr\/wp-json\/wp\/v2\/product_tag?post=12872"}],"curies":[{"name":"wp","href":"https:\/\/api.w.org\/{rel}","templated":true}]}}