{"id":12776,"date":"2023-12-03T23:00:25","date_gmt":"2023-12-03T22:00:25","guid":{"rendered":"https:\/\/sylgautier.art\/?post_type=product&#038;p=12776"},"modified":"2024-06-20T00:17:03","modified_gmt":"2024-06-19T22:17:03","slug":"wooden-migaloo-20-20","status":"publish","type":"product","link":"https:\/\/sylgautier.art\/fr\/produit\/wooden-migaloo-20-20\/","title":{"rendered":"Wooden Migaloo #20\/20"},"content":{"rendered":"<p style=\"text-align: center;\" class=\" translation-block\"><strong>Vue \u00e0 360\u00a0\u00b0<\/strong> (faites glisser pour faire pivoter)<\/p>\n<div class=\"Sirv\" data-src=\"https:\/\/hyptante.sirv.com\/Spins\/wm20%20750px\/wm20%20750px.spin\"><\/div>\n<p><script src=\"https:\/\/scripts.sirv.com\/sirvjs\/v3\/sirv.js\"><\/script><\/p>\n<p style=\"text-align: left;\"><strong>\u00c0 propos de la sculpture<\/strong><\/p>\n<p class=\" translation-block\">Cette baleine m\u00e9canique est la 20\u00e8me sur 20 que j'ai fabriqu\u00e9e. C'est donc la derni\u00e8re de ce mod\u00e8le.<br>\nElle doit son nom \u00e0 la baleine \u00e0 bosse albinos souvent observ\u00e9e sur les c\u00f4tes australiennes. Migaloo est un mot aborig\u00e8ne signifiant \u00ab gar\u00e7on blanc \u00bb.<\/p>\n<p class=\"has-text-align-center eplus-wrapper\" style=\"text-align: left;\">La baleine et les vagues sont en tilleul, le cadre est en noyer et la base en acacia.<\/p>\n<p style=\"text-align: left;\" class=\" translation-block\"><strong>Paiement\u00a0:<br>\n<\/strong>Le gagnant sera contact\u00e9 par e-mail apr\u00e8s la fin de l'ench\u00e8re. Le paiement sera effectu\u00e9 par virement bancaire. Aucune somme d'argent ne sera \u00e9chang\u00e9e directement via ce site.<\/p>\n<p style=\"text-align: left;\" class=\" translation-block\"><strong>Exp\u00e9dition\u00a0:<\/strong><br>\nLes frais de port ne sont pas inclus dans le prix final. Pour un envoi en France les frais sont estim\u00e9s entre 100\u20ac et 150\u20ac. <br>Pour l'internationnal les frais sont estim\u00e9s entre 150\u20ac et 200\u20ac, l'acheteur sera responsable de tous les frais douanes.<\/p>\n<p style=\"text-align: left;\" class=\" translation-block\"><strong>En savoir plus sur mon travail\u00a0:<\/strong><br>\nAbonnez-vous \u00e0 ma cha\u00eene youtube\u00a0: <a href=\"https:\/\/www.youtube.com\/c\/sylgautier\" target=\"_self\">youtube.com\/c\/sylgautier<\/a><br>\nSuivez-moi sur mes r\u00e9seaux sociaux : <a href=\"https:\/\/www.instagram.com\/syl.gautier\/\" target=\"_self\">Instagram<\/a>, <a href=\"https:\/\/www.facebook.com\/syl.gautier\" target=\"_self\">Facebook<\/a>, <a href=\"https:\/\/twitter.com\/SylGAUTIER\" target=\"_self\">Twitter<\/a>.<\/p>","protected":false},"excerpt":{"rendered":"<p><strong><a rel=\"noreferrer noreferrer\"><span style=\"color: #000000;\">10% de cette ench\u00e8re (apr\u00e8s taxes) sera revers\u00e9 \u00e0 une organisation de protection des oc\u00e9ans.<\/span><\/a><\/strong><\/p>\n<p class=\" translation-block\">Veuillez lire attentivement ces informations sur le <a href=\"https:\/\/sylgautier.art\/about-auction\/\" target=\"_blank\" rel=\"noopener\">processus d'ench\u00e8res.<\/a><\/p>\n<p class=\" translation-block\">Dimensions : hauteur : 28cm, largeur : 19cm, profondeur : 14 cm.<br>\nMat\u00e9riaux : tilleul, noyer, acacia, laiton, acier.<\/p>\n<p><a href=\"https:\/\/youtu.be\/SzPsu6zPi1k\" target=\"_blank\" rel=\"noopener\">Vid\u00e9o de pr\u00e9sentation de cette sculpture.<\/a><br \/>\n<a href=\"https:\/\/youtu.be\/c3BNWIs2EzE\" target=\"_blank\" rel=\"noopener\">Comment je fabrique une baleine m\u00e9canique.<\/a><\/p>\n<p class=\" translation-block\">Les frais de port ne sont pas inclus dans le prix final.<br>\nVoir la description ci-dessous pour plus d'informations.<\/p>\n<p><a href=\"https:\/\/sylgautier.art\/fr\/auction-updates\/\" target=\"_blank\" rel=\"noopener\">Recevez des mises \u00e0 jour sur cette vente aux ench\u00e8res.\u00a0<\/a><br \/>\n<a href=\"https:\/\/sylgautier.art\/fr\/newsletter-subscribe\/\" target=\"_blank\" rel=\"noopener\">Subscribe to my Newsletter<\/a><\/p>\n<p>From the 04th of December 14:00 to 10th of December 18:00 (UTC+1) 2023<\/p>","protected":false},"featured_media":12777,"template":"","meta":[],"product_cat":[17],"product_tag":[],"yoast_head":"<!-- This site is optimized with the Yoast SEO plugin v19.1 - https:\/\/yoast.com\/wordpress\/plugins\/seo\/ -->\n<title>Sylvain Gautier - Wooden Migaloo #20\/20<\/title>\n<meta name=\"robots\" content=\"index, follow, max-snippet:-1, max-image-preview:large, max-video-preview:-1\" \/>\n<link rel=\"canonical\" href=\"https:\/\/sylgautier.art\/fr\/produit\/wooden-migaloo-20-20\/\" \/>\n<meta property=\"og:locale\" content=\"fr_FR\" \/>\n<meta property=\"og:type\" content=\"article\" \/>\n<meta property=\"og:title\" content=\"Sylvain Gautier - Wooden Migaloo #20\/20\" \/>\n<meta property=\"og:description\" content=\"10% of this auction (After tax) will go to an ocean protection organisation.  Please read carrefuly this information about the auction process.  Dimensions: heigth: 28cm, width: 19cm, depth: 14 cm. Materials: basswood, walnut, acacia, brass, steel.  Watch a video presentation of this sculpture. Watch how I craft a mechanical whale.  Shipping cost are not included in the final price. See description below for more information.  Get updates on this auction.\u00a0 Subscribe to my Newsletter  From the 04th of December 14:00 to 10th of December 18:00 (UTC+1) 2023\" \/>\n<meta property=\"og:url\" content=\"https:\/\/sylgautier.art\/fr\/produit\/wooden-migaloo-20-20\/\" \/>\n<meta property=\"og:site_name\" content=\"Sylvain Gautier\" \/>\n<meta property=\"article:publisher\" content=\"https:\/\/www.facebook.com\/syl.gautier\" \/>\n<meta property=\"article:modified_time\" content=\"2024-06-19T22:17:03+00:00\" \/>\n<meta property=\"og:image\" content=\"https:\/\/sylgautier.art\/wp-content\/uploads\/2023\/12\/IMG-0001.jpg\" \/>\n\t<meta property=\"og:image:width\" content=\"2000\" \/>\n\t<meta property=\"og:image:height\" content=\"1333\" \/>\n\t<meta property=\"og:image:type\" content=\"image\/jpeg\" \/>\n<meta name=\"twitter:card\" content=\"summary_large_image\" \/>\n<meta name=\"twitter:site\" content=\"@SylGAUTIER\" \/>\n<meta name=\"twitter:label1\" content=\"Dur\u00e9e de lecture estim\u00e9e\" \/>\n\t<meta name=\"twitter:data1\" content=\"1 minute\" \/>\n<script type=\"application\/ld+json\" class=\"yoast-schema-graph\">{\"@context\":\"https:\/\/schema.org\",\"@graph\":[{\"@type\":[\"Person\",\"Organization\"],\"@id\":\"https:\/\/sylgautier.art\/#\/schema\/person\/629fcdd77d02474e5ee94fe355f025b1\",\"name\":\"syl.gautier\",\"image\":{\"@type\":\"ImageObject\",\"inLanguage\":\"fr-FR\",\"@id\":\"https:\/\/sylgautier.art\/#\/schema\/person\/image\/\",\"url\":\"https:\/\/sylgautier.art\/wp-content\/uploads\/2022\/09\/preview-home.jpg\",\"contentUrl\":\"https:\/\/sylgautier.art\/wp-content\/uploads\/2022\/09\/preview-home.jpg\",\"width\":1064,\"height\":709,\"caption\":\"syl.gautier\"},\"logo\":{\"@id\":\"https:\/\/sylgautier.art\/#\/schema\/person\/image\/\"},\"sameAs\":[\"http:\/\/sylgautier.art\",\"https:\/\/www.facebook.com\/syl.gautier\",\"https:\/\/www.instagram.com\/syl.gautier\/\",\"https:\/\/twitter.com\/https:\/\/twitter.com\/SylGAUTIER\",\"https:\/\/www.youtube.com\/c\/sylgautier\"]},{\"@type\":\"WebSite\",\"@id\":\"https:\/\/sylgautier.art\/#website\",\"url\":\"https:\/\/sylgautier.art\/\",\"name\":\"Sylvain Gautier\",\"description\":\"Sculpteur \/ \u00c9b\u00e9niste\",\"publisher\":{\"@id\":\"https:\/\/sylgautier.art\/#\/schema\/person\/629fcdd77d02474e5ee94fe355f025b1\"},\"potentialAction\":[{\"@type\":\"SearchAction\",\"target\":{\"@type\":\"EntryPoint\",\"urlTemplate\":\"https:\/\/sylgautier.art\/?s={search_term_string}\"},\"query-input\":\"required name=search_term_string\"}],\"inLanguage\":\"fr-FR\"},{\"@type\":\"ImageObject\",\"inLanguage\":\"fr-FR\",\"@id\":\"https:\/\/sylgautier.art\/product\/wooden-migaloo-20-20\/#primaryimage\",\"url\":\"https:\/\/sylgautier.art\/wp-content\/uploads\/2023\/12\/IMG-0001.jpg\",\"contentUrl\":\"https:\/\/sylgautier.art\/wp-content\/uploads\/2023\/12\/IMG-0001.jpg\",\"width\":2000,\"height\":1333},{\"@type\":\"WebPage\",\"@id\":\"https:\/\/sylgautier.art\/product\/wooden-migaloo-20-20\/#webpage\",\"url\":\"https:\/\/sylgautier.art\/product\/wooden-migaloo-20-20\/\",\"name\":\"Sylvain Gautier - Wooden Migaloo #20\/20\",\"isPartOf\":{\"@id\":\"https:\/\/sylgautier.art\/#website\"},\"primaryImageOfPage\":{\"@id\":\"https:\/\/sylgautier.art\/product\/wooden-migaloo-20-20\/#primaryimage\"},\"datePublished\":\"2023-12-03T22:00:25+00:00\",\"dateModified\":\"2024-06-19T22:17:03+00:00\",\"breadcrumb\":{\"@id\":\"https:\/\/sylgautier.art\/product\/wooden-migaloo-20-20\/#breadcrumb\"},\"inLanguage\":\"fr-FR\",\"potentialAction\":[{\"@type\":\"ReadAction\",\"target\":[\"https:\/\/sylgautier.art\/product\/wooden-migaloo-20-20\/\"]}]},{\"@type\":\"BreadcrumbList\",\"@id\":\"https:\/\/sylgautier.art\/product\/wooden-migaloo-20-20\/#breadcrumb\",\"itemListElement\":[{\"@type\":\"ListItem\",\"position\":1,\"name\":\"Home\",\"item\":\"https:\/\/sylgautier.art\/\"},{\"@type\":\"ListItem\",\"position\":2,\"name\":\"Wooden Migaloo #20\/20\"}]}]}<\/script>\n<!-- \/ Yoast SEO plugin. -->","yoast_head_json":{"title":"Sylvain Gautier - Wooden Migaloo #20\/20","robots":{"index":"index","follow":"follow","max-snippet":"max-snippet:-1","max-image-preview":"max-image-preview:large","max-video-preview":"max-video-preview:-1"},"canonical":"https:\/\/sylgautier.art\/fr\/produit\/wooden-migaloo-20-20\/","og_locale":"fr_FR","og_type":"article","og_title":"Sylvain Gautier - Wooden Migaloo #20\/20","og_description":"10% of this auction (After tax) will go to an ocean protection organisation.  Please read carrefuly this information about the auction process.  Dimensions: heigth: 28cm, width: 19cm, depth: 14 cm. Materials: basswood, walnut, acacia, brass, steel.  Watch a video presentation of this sculpture. Watch how I craft a mechanical whale.  Shipping cost are not included in the final price. See description below for more information.  Get updates on this auction.\u00a0 Subscribe to my Newsletter  From the 04th of December 14:00 to 10th of December 18:00 (UTC+1) 2023","og_url":"https:\/\/sylgautier.art\/fr\/produit\/wooden-migaloo-20-20\/","og_site_name":"Sylvain Gautier","article_publisher":"https:\/\/www.facebook.com\/syl.gautier","article_modified_time":"2024-06-19T22:17:03+00:00","og_image":[{"width":2000,"height":1333,"url":"https:\/\/sylgautier.art\/wp-content\/uploads\/2023\/12\/IMG-0001.jpg","type":"image\/jpeg"}],"twitter_card":"summary_large_image","twitter_site":"@SylGAUTIER","twitter_misc":{"Dur\u00e9e de lecture estim\u00e9e":"1 minute"},"schema":{"@context":"https:\/\/schema.org","@graph":[{"@type":["Person","Organization"],"@id":"https:\/\/sylgautier.art\/#\/schema\/person\/629fcdd77d02474e5ee94fe355f025b1","name":"syl.gautier","image":{"@type":"ImageObject","inLanguage":"fr-FR","@id":"https:\/\/sylgautier.art\/#\/schema\/person\/image\/","url":"https:\/\/sylgautier.art\/wp-content\/uploads\/2022\/09\/preview-home.jpg","contentUrl":"https:\/\/sylgautier.art\/wp-content\/uploads\/2022\/09\/preview-home.jpg","width":1064,"height":709,"caption":"syl.gautier"},"logo":{"@id":"https:\/\/sylgautier.art\/#\/schema\/person\/image\/"},"sameAs":["http:\/\/sylgautier.art","https:\/\/www.facebook.com\/syl.gautier","https:\/\/www.instagram.com\/syl.gautier\/","https:\/\/twitter.com\/https:\/\/twitter.com\/SylGAUTIER","https:\/\/www.youtube.com\/c\/sylgautier"]},{"@type":"WebSite","@id":"https:\/\/sylgautier.art\/#website","url":"https:\/\/sylgautier.art\/","name":"Sylvain Gautier","description":"Sculpteur \/ \u00c9b\u00e9niste","publisher":{"@id":"https:\/\/sylgautier.art\/#\/schema\/person\/629fcdd77d02474e5ee94fe355f025b1"},"potentialAction":[{"@type":"SearchAction","target":{"@type":"EntryPoint","urlTemplate":"https:\/\/sylgautier.art\/?s={search_term_string}"},"query-input":"required name=search_term_string"}],"inLanguage":"fr-FR"},{"@type":"ImageObject","inLanguage":"fr-FR","@id":"https:\/\/sylgautier.art\/product\/wooden-migaloo-20-20\/#primaryimage","url":"https:\/\/sylgautier.art\/wp-content\/uploads\/2023\/12\/IMG-0001.jpg","contentUrl":"https:\/\/sylgautier.art\/wp-content\/uploads\/2023\/12\/IMG-0001.jpg","width":2000,"height":1333},{"@type":"WebPage","@id":"https:\/\/sylgautier.art\/product\/wooden-migaloo-20-20\/#webpage","url":"https:\/\/sylgautier.art\/product\/wooden-migaloo-20-20\/","name":"Sylvain Gautier - Wooden Migaloo #20\/20","isPartOf":{"@id":"https:\/\/sylgautier.art\/#website"},"primaryImageOfPage":{"@id":"https:\/\/sylgautier.art\/product\/wooden-migaloo-20-20\/#primaryimage"},"datePublished":"2023-12-03T22:00:25+00:00","dateModified":"2024-06-19T22:17:03+00:00","breadcrumb":{"@id":"https:\/\/sylgautier.art\/product\/wooden-migaloo-20-20\/#breadcrumb"},"inLanguage":"fr-FR","potentialAction":[{"@type":"ReadAction","target":["https:\/\/sylgautier.art\/product\/wooden-migaloo-20-20\/"]}]},{"@type":"BreadcrumbList","@id":"https:\/\/sylgautier.art\/product\/wooden-migaloo-20-20\/#breadcrumb","itemListElement":[{"@type":"ListItem","position":1,"name":"Home","item":"https:\/\/sylgautier.art\/"},{"@type":"ListItem","position":2,"name":"Wooden Migaloo #20\/20"}]}]}},"post_mailing_queue_ids":[],"_links":{"self":[{"href":"https:\/\/sylgautier.art\/fr\/wp-json\/wp\/v2\/product\/12776"}],"collection":[{"href":"https:\/\/sylgautier.art\/fr\/wp-json\/wp\/v2\/product"}],"about":[{"href":"https:\/\/sylgautier.art\/fr\/wp-json\/wp\/v2\/types\/product"}],"wp:featuredmedia":[{"embeddable":true,"href":"https:\/\/sylgautier.art\/fr\/wp-json\/wp\/v2\/media\/12777"}],"wp:attachment":[{"href":"https:\/\/sylgautier.art\/fr\/wp-json\/wp\/v2\/media?parent=12776"}],"wp:term":[{"taxonomy":"product_cat","embeddable":true,"href":"https:\/\/sylgautier.art\/fr\/wp-json\/wp\/v2\/product_cat?post=12776"},{"taxonomy":"product_tag","embeddable":true,"href":"https:\/\/sylgautier.art\/fr\/wp-json\/wp\/v2\/product_tag?post=12776"}],"curies":[{"name":"wp","href":"https:\/\/api.w.org\/{rel}","templated":true}]}}