{"id":6984,"date":"2022-11-02T17:06:34","date_gmt":"2022-11-02T16:06:34","guid":{"rendered":"https:\/\/sylgautier.art\/?page_id=6984"},"modified":"2025-11-10T14:02:48","modified_gmt":"2025-11-10T13:02:48","slug":"active-interest-list","status":"publish","type":"page","link":"https:\/\/sylgautier.art\/fr\/active-interest-list\/","title":{"rendered":"active-interest-list"},"content":{"rendered":"<div class=\"wp-container-4 wp-block-columns\">\n<div class=\"wp-container-1 wp-block-column\" style=\"flex-basis:20%\"><\/div>\n\n\n\n<div class=\"wp-container-2 wp-block-column\" style=\"flex-basis:60%\">\n<div style=\"height:41px\" aria-hidden=\"true\" class=\"wp-block-spacer\"><\/div>\n\n\n\n<p class=\"has-text-align-center has-larger-font-size\"><strong>\u2013 LISTE DES PERSONNES INT\u00c9RESS\u00c9S\u2013<\/strong><\/p>\n\n\n\n<p class=\"has-large-font-size\"><strong>Comment acheter :<\/strong><\/p>\n\n\n\n<p class=\" translation-block\"><strong>Vous devez d'abord vous inscrire sur la liste des personnes int\u00e9ress\u00e9es afin de recevoir les invitations aux ventes aux ench\u00e8res.<\/strong> Remplissez le formulaire ci-dessous pour vous inscrire sur cette liste et consultez vos e-mails pour confirmer votre inscription (<strong>veuillez v\u00e9rifier vos courriers ind\u00e9sirables<\/strong>).<\/p>\n\n\n\n<p class=\" translation-block\">Chaque vente aux ench\u00e8res dure 72 heures. G\u00e9n\u00e9ralement, la vente commence \u00e0 17h00 GMT le jeudi <em>(Paris 18h00, Londres 17h00, New York 12h00, Los Angeles 09h00)<\/em> et se termine \u00e0 18h00 GMT le dimanche. Les 15 derni\u00e8res minutes peuvent \u00eatre tr\u00e8s actives.<\/p>\n\n\n\n<p class=\" translation-block\">Plus d'informations <a href=\"https:\/\/sylgautier.art\/about-auction\/\" target=\"_blank\" rel=\"noreferrer noopener\">sur le processus d'ench\u00e8res ici<\/a><\/p>\n\n\n\n<p><\/p>\n\n\n\n<p class=\"has-large-font-size\"><strong>Prochaine vente aux ench\u00e8res :<\/strong> <\/p>\n\n\n\n<p class=\"has-small-font-size\"><strong>Soot #01 &#8211; Mechanical Manta Ray<\/strong><br><a href=\"https:\/\/sylgautier.art\/fr\/produit\/soot-01\/\">https:\/\/sylgautier.art\/product\/soot-01\/<strong><br><\/strong><\/a>Ench\u00e8re d'ouverture : <br>3000 Euros<em> (~3500 USD) <\/em><\/p>\n\n\n\n<figure class=\"wp-block-image size-full is-resized\"><img loading=\"lazy\" src=\"https:\/\/sylgautier.art\/wp-content\/uploads\/2025\/08\/DSC05895-SD.jpg\" alt=\"\" class=\"wp-image-13060\" width=\"500\" height=\"333\" srcset=\"https:\/\/sylgautier.art\/wp-content\/uploads\/2025\/08\/DSC05895-SD.jpg 2000w, https:\/\/sylgautier.art\/wp-content\/uploads\/2025\/08\/DSC05895-SD-768x512.jpg 768w, https:\/\/sylgautier.art\/wp-content\/uploads\/2025\/08\/DSC05895-SD-1536x1024.jpg 1536w, https:\/\/sylgautier.art\/wp-content\/uploads\/2025\/08\/DSC05895-SD-18x12.jpg 18w, https:\/\/sylgautier.art\/wp-content\/uploads\/2025\/08\/DSC05895-SD-200x133.jpg 200w, https:\/\/sylgautier.art\/wp-content\/uploads\/2025\/08\/DSC05895-SD-1200x800.jpg 1200w, https:\/\/sylgautier.art\/wp-content\/uploads\/2025\/08\/DSC05895-SD-1980x1320.jpg 1980w, https:\/\/sylgautier.art\/wp-content\/uploads\/2025\/08\/DSC05895-SD-600x400.jpg 600w\" sizes=\"(max-width: 500px) 100vw, 500px\" \/><\/figure>\n\n\n\n<div style=\"height:12px\" aria-hidden=\"true\" class=\"wp-block-spacer\"><\/div>\n\n\n\n<p>Remplissez le formulaire ci-dessous:<\/p>\n\n\n<input type=\"hidden\" name=\"es\" value=\"subscribe\" \/>\n\t\t\t<input type=\"hidden\" name=\"esfpx_es_form_identifier\" value=\"f2-n1\" \/>\n\t\t\t<input type=\"hidden\" name=\"esfpx_es_email_page\" value=\"6984\" \/>\n\t\t\t<input type=\"hidden\" name=\"esfpx_es_email_page_url\" value=\"https:\/\/sylgautier.art\/fr\/active-interest-list\/\" \/>\n\t\t\t<input type=\"hidden\" name=\"esfpx_status\" value=\"Unconfirmed\" \/>\n\t\t\t<input type=\"hidden\" name=\"esfpx_es-subscribe\" id=\"es-subscribe-69df60e3ac4f4\" value=\"01510c78ff\" \/>\n\t\t\t<label><input type=\"email\" name=\"esfpx_es_hp_email\" class=\"es_required_field\" tabindex=\"-1\" autocomplete=\"-1\" value=\"\" \/><\/label><div class=\"emaillist\" id=\"es_form_f2-n1\"><form action=\"\/fr\/wp-json\/wp\/v2\/pages\/6984#es_form_f2-n1\" method=\"post\" class=\"es_subscription_form es_shortcode_form\" id=\"es_subscription_form_69df60e3ac4f4\" data-source=\"ig-es\" data-trp-original-action=\"\/fr\/wp-json\/wp\/v2\/pages\/6984#es_form_f2-n1\"><input type=\"hidden\" name=\"esfpx_form_id\" value=\"2\" \/><input type=\"hidden\" name=\"esfpx_lists[]\" value=\"25e8d21f5d3b\" \/><input type=\"hidden\" name=\"es\" value=\"subscribe\" \/>\n\t\t\t<input type=\"hidden\" name=\"esfpx_es_form_identifier\" value=\"f2-n1\" \/>\n\t\t\t<input type=\"hidden\" name=\"esfpx_es_email_page\" value=\"6984\" \/>\n\t\t\t<input type=\"hidden\" name=\"esfpx_es_email_page_url\" value=\"https:\/\/sylgautier.art\/fr\/active-interest-list\/\" \/>\n\t\t\t<input type=\"hidden\" name=\"esfpx_status\" value=\"Unconfirmed\" \/>\n\t\t\t<input type=\"hidden\" name=\"esfpx_es-subscribe\" id=\"es-subscribe-69df60e3ac4f4\" value=\"01510c78ff\" \/>\n\t\t\t<label><input type=\"email\" name=\"esfpx_es_hp_email\" class=\"es_required_field\" tabindex=\"-1\" autocomplete=\"-1\" value=\"\" \/><\/label><style>* { box-sizing: border-box; } body {margin: 0;}#ism5t{max-width:300px;}#ic1nh{max-width:300px;margin:0 0 0 0;}*{box-sizing:border-box;}body{margin-top:0px;margin-right:0px;margin-bottom:0px;margin-left:0px;}.gjs-row input, .gjs-row select, .gjs-row textarea{padding-top:5px;padding-right:5px;padding-bottom:5px;padding-left:5px;margin-top:10px;margin-right:auto;margin-bottom:10px;margin-left:auto;}.gjs-row input[type=\"checkbox\"], .gjs-row input[type=\"radio\"]{margin-top:0px;margin-right:5px;margin-bottom:0px;margin-left:0px;}.gjs-row input[type=\"submit\"]{border-top-style:solid;border-right-style:solid;border-bottom-style:solid;border-left-style:solid;border-top-width:0px;border-right-width:0px;border-left-width:0px;border-bottom-width:0px;border-top-left-radius:2px;border-top-right-radius:2px;border-bottom-right-radius:2px;border-bottom-left-radius:2px;padding-top:15px;padding-right:30px;padding-bottom:15px;padding-left:30px;font-family:inherit;font-weight:inherit;line-height:1;}<\/style><div class=\"gjs-row\"><div class=\"gjs-cell\"><\/div><\/div><div>Nom<\/div><div class=\"gjs-row\"><div class=\"es-name\"><input type=\"text\" name=\"esfpx_name\" placeholder=\"Enter your name\" autocomplete=\"off\" required><\/div><div class=\"gjs-cell\"><div>Email<\/div><div class=\"es-email\"><input type=\"email\" name=\"esfpx_email\" placeholder=\"Entrez votre email\" autocomplete=\"off\" id=\"ic1nh\" \/><\/div><div class=\"es-email\"><\/div><\/div><\/div><div class=\"gjs-row\"><div class=\"gjs-cell\"><div id=\"undefined\" class=\"es-submit\"><input type=\"submit\" name=\"submit\" value=\"Envoyer\"><\/div><\/div><\/div><span class=\"es_spinner_image\" id=\"spinner-image\"><img src=\"https:\/\/sylgautier.art\/wp-content\/plugins\/email-subscribers\/lite\/public\/images\/spinner.gif\" alt=\"Loading\" \/><\/span><input type=\"hidden\" name=\"trp-form-language\" value=\"fr\"\/><\/form><span class=\"es_subscription_message\" id=\"es_subscription_message_69df60e3ac4f4\"><\/span><\/div><\/div>\n\n\n\n<div class=\"wp-container-3 wp-block-column\" style=\"flex-basis:20%\"><\/div>\n<\/div>","protected":false},"excerpt":{"rendered":"<p>&#8211; ACTIVE INTEREST LIST &#8211; How to Purchase: You must first get on the active interest list so you can receive invitations to the auctions. Complete the form below to get on this list and check your emails to confirm your subscription (please check your spams). Each auction lasts for 72 hours. Generally the auction [&hellip;]<\/p>","protected":false},"author":1,"featured_media":0,"parent":0,"menu_order":0,"comment_status":"closed","ping_status":"closed","template":"","meta":[],"yoast_head":"<!-- This site is optimized with the Yoast SEO plugin v19.1 - https:\/\/yoast.com\/wordpress\/plugins\/seo\/ -->\n<title>Sylvain Gautier - active-interest-list<\/title>\n<meta name=\"description\" content=\"Bonjour and welcome to my website. I am Sylvain Gautier, a French sculptor and cabinet maker.\" \/>\n<meta name=\"robots\" content=\"noindex, nofollow\" \/>\n<meta property=\"og:locale\" content=\"fr_FR\" \/>\n<meta property=\"og:type\" content=\"article\" \/>\n<meta property=\"og:title\" content=\"Sylvain Gautier - active-interest-list\" \/>\n<meta property=\"og:description\" content=\"Bonjour and welcome to my website. I am Sylvain Gautier, a French sculptor and cabinet maker.\" \/>\n<meta property=\"og:url\" content=\"https:\/\/sylgautier.art\/fr\/active-interest-list\/\" \/>\n<meta property=\"og:site_name\" content=\"Sylvain Gautier\" \/>\n<meta property=\"article:publisher\" content=\"https:\/\/www.facebook.com\/syl.gautier\" \/>\n<meta property=\"article:modified_time\" content=\"2025-11-10T13:02:48+00:00\" \/>\n<meta property=\"og:image\" content=\"https:\/\/sylgautier.art\/wp-content\/uploads\/2025\/08\/DSC05895-SD.jpg\" \/>\n<meta name=\"twitter:card\" content=\"summary_large_image\" \/>\n<meta name=\"twitter:site\" content=\"@SylGAUTIER\" \/>\n<meta name=\"twitter:label1\" content=\"Dur\u00e9e de lecture estim\u00e9e\" \/>\n\t<meta name=\"twitter:data1\" content=\"1 minute\" \/>\n<script type=\"application\/ld+json\" class=\"yoast-schema-graph\">{\"@context\":\"https:\/\/schema.org\",\"@graph\":[{\"@type\":[\"Person\",\"Organization\"],\"@id\":\"https:\/\/sylgautier.art\/#\/schema\/person\/629fcdd77d02474e5ee94fe355f025b1\",\"name\":\"syl.gautier\",\"image\":{\"@type\":\"ImageObject\",\"inLanguage\":\"fr-FR\",\"@id\":\"https:\/\/sylgautier.art\/#\/schema\/person\/image\/\",\"url\":\"https:\/\/sylgautier.art\/wp-content\/uploads\/2022\/09\/preview-home.jpg\",\"contentUrl\":\"https:\/\/sylgautier.art\/wp-content\/uploads\/2022\/09\/preview-home.jpg\",\"width\":1064,\"height\":709,\"caption\":\"syl.gautier\"},\"logo\":{\"@id\":\"https:\/\/sylgautier.art\/#\/schema\/person\/image\/\"},\"sameAs\":[\"http:\/\/sylgautier.art\",\"https:\/\/www.facebook.com\/syl.gautier\",\"https:\/\/www.instagram.com\/syl.gautier\/\",\"https:\/\/twitter.com\/https:\/\/twitter.com\/SylGAUTIER\",\"https:\/\/www.youtube.com\/c\/sylgautier\"]},{\"@type\":\"WebSite\",\"@id\":\"https:\/\/sylgautier.art\/#website\",\"url\":\"https:\/\/sylgautier.art\/\",\"name\":\"Sylvain Gautier\",\"description\":\"Sculpteur \/ \u00c9b\u00e9niste\",\"publisher\":{\"@id\":\"https:\/\/sylgautier.art\/#\/schema\/person\/629fcdd77d02474e5ee94fe355f025b1\"},\"potentialAction\":[{\"@type\":\"SearchAction\",\"target\":{\"@type\":\"EntryPoint\",\"urlTemplate\":\"https:\/\/sylgautier.art\/?s={search_term_string}\"},\"query-input\":\"required name=search_term_string\"}],\"inLanguage\":\"fr-FR\"},{\"@type\":\"ImageObject\",\"inLanguage\":\"fr-FR\",\"@id\":\"https:\/\/sylgautier.art\/active-interest-list\/#primaryimage\",\"url\":\"https:\/\/sylgautier.art\/wp-content\/uploads\/2025\/08\/DSC05895-SD.jpg\",\"contentUrl\":\"https:\/\/sylgautier.art\/wp-content\/uploads\/2025\/08\/DSC05895-SD.jpg\",\"width\":2000,\"height\":1333},{\"@type\":\"WebPage\",\"@id\":\"https:\/\/sylgautier.art\/active-interest-list\/#webpage\",\"url\":\"https:\/\/sylgautier.art\/active-interest-list\/\",\"name\":\"Sylvain Gautier - active-interest-list\",\"isPartOf\":{\"@id\":\"https:\/\/sylgautier.art\/#website\"},\"primaryImageOfPage\":{\"@id\":\"https:\/\/sylgautier.art\/active-interest-list\/#primaryimage\"},\"datePublished\":\"2022-11-02T16:06:34+00:00\",\"dateModified\":\"2025-11-10T13:02:48+00:00\",\"description\":\"Bonjour and welcome to my website. I am Sylvain Gautier, a French sculptor and cabinet maker.\",\"breadcrumb\":{\"@id\":\"https:\/\/sylgautier.art\/active-interest-list\/#breadcrumb\"},\"inLanguage\":\"fr-FR\",\"potentialAction\":[{\"@type\":\"ReadAction\",\"target\":[\"https:\/\/sylgautier.art\/active-interest-list\/\"]}]},{\"@type\":\"BreadcrumbList\",\"@id\":\"https:\/\/sylgautier.art\/active-interest-list\/#breadcrumb\",\"itemListElement\":[{\"@type\":\"ListItem\",\"position\":1,\"name\":\"Home\",\"item\":\"https:\/\/sylgautier.art\/\"},{\"@type\":\"ListItem\",\"position\":2,\"name\":\"active-interest-list\"}]}]}<\/script>\n<!-- \/ Yoast SEO plugin. -->","yoast_head_json":{"title":"Sylvain Gautier - active-interest-list","description":"Bonjour and welcome to my website. I am Sylvain Gautier, a French sculptor and cabinet maker.","robots":{"index":"noindex","follow":"nofollow"},"og_locale":"fr_FR","og_type":"article","og_title":"Sylvain Gautier - active-interest-list","og_description":"Bonjour and welcome to my website. I am Sylvain Gautier, a French sculptor and cabinet maker.","og_url":"https:\/\/sylgautier.art\/fr\/active-interest-list\/","og_site_name":"Sylvain Gautier","article_publisher":"https:\/\/www.facebook.com\/syl.gautier","article_modified_time":"2025-11-10T13:02:48+00:00","og_image":[{"url":"https:\/\/sylgautier.art\/wp-content\/uploads\/2025\/08\/DSC05895-SD.jpg"}],"twitter_card":"summary_large_image","twitter_site":"@SylGAUTIER","twitter_misc":{"Dur\u00e9e de lecture estim\u00e9e":"1 minute"},"schema":{"@context":"https:\/\/schema.org","@graph":[{"@type":["Person","Organization"],"@id":"https:\/\/sylgautier.art\/#\/schema\/person\/629fcdd77d02474e5ee94fe355f025b1","name":"syl.gautier","image":{"@type":"ImageObject","inLanguage":"fr-FR","@id":"https:\/\/sylgautier.art\/#\/schema\/person\/image\/","url":"https:\/\/sylgautier.art\/wp-content\/uploads\/2022\/09\/preview-home.jpg","contentUrl":"https:\/\/sylgautier.art\/wp-content\/uploads\/2022\/09\/preview-home.jpg","width":1064,"height":709,"caption":"syl.gautier"},"logo":{"@id":"https:\/\/sylgautier.art\/#\/schema\/person\/image\/"},"sameAs":["http:\/\/sylgautier.art","https:\/\/www.facebook.com\/syl.gautier","https:\/\/www.instagram.com\/syl.gautier\/","https:\/\/twitter.com\/https:\/\/twitter.com\/SylGAUTIER","https:\/\/www.youtube.com\/c\/sylgautier"]},{"@type":"WebSite","@id":"https:\/\/sylgautier.art\/#website","url":"https:\/\/sylgautier.art\/","name":"Sylvain Gautier","description":"Sculpteur \/ \u00c9b\u00e9niste","publisher":{"@id":"https:\/\/sylgautier.art\/#\/schema\/person\/629fcdd77d02474e5ee94fe355f025b1"},"potentialAction":[{"@type":"SearchAction","target":{"@type":"EntryPoint","urlTemplate":"https:\/\/sylgautier.art\/?s={search_term_string}"},"query-input":"required name=search_term_string"}],"inLanguage":"fr-FR"},{"@type":"ImageObject","inLanguage":"fr-FR","@id":"https:\/\/sylgautier.art\/active-interest-list\/#primaryimage","url":"https:\/\/sylgautier.art\/wp-content\/uploads\/2025\/08\/DSC05895-SD.jpg","contentUrl":"https:\/\/sylgautier.art\/wp-content\/uploads\/2025\/08\/DSC05895-SD.jpg","width":2000,"height":1333},{"@type":"WebPage","@id":"https:\/\/sylgautier.art\/active-interest-list\/#webpage","url":"https:\/\/sylgautier.art\/active-interest-list\/","name":"Sylvain Gautier - active-interest-list","isPartOf":{"@id":"https:\/\/sylgautier.art\/#website"},"primaryImageOfPage":{"@id":"https:\/\/sylgautier.art\/active-interest-list\/#primaryimage"},"datePublished":"2022-11-02T16:06:34+00:00","dateModified":"2025-11-10T13:02:48+00:00","description":"Bonjour and welcome to my website. I am Sylvain Gautier, a French sculptor and cabinet maker.","breadcrumb":{"@id":"https:\/\/sylgautier.art\/active-interest-list\/#breadcrumb"},"inLanguage":"fr-FR","potentialAction":[{"@type":"ReadAction","target":["https:\/\/sylgautier.art\/active-interest-list\/"]}]},{"@type":"BreadcrumbList","@id":"https:\/\/sylgautier.art\/active-interest-list\/#breadcrumb","itemListElement":[{"@type":"ListItem","position":1,"name":"Home","item":"https:\/\/sylgautier.art\/"},{"@type":"ListItem","position":2,"name":"active-interest-list"}]}]}},"post_mailing_queue_ids":[],"_links":{"self":[{"href":"https:\/\/sylgautier.art\/fr\/wp-json\/wp\/v2\/pages\/6984"}],"collection":[{"href":"https:\/\/sylgautier.art\/fr\/wp-json\/wp\/v2\/pages"}],"about":[{"href":"https:\/\/sylgautier.art\/fr\/wp-json\/wp\/v2\/types\/page"}],"author":[{"embeddable":true,"href":"https:\/\/sylgautier.art\/fr\/wp-json\/wp\/v2\/users\/1"}],"replies":[{"embeddable":true,"href":"https:\/\/sylgautier.art\/fr\/wp-json\/wp\/v2\/comments?post=6984"}],"version-history":[{"count":52,"href":"https:\/\/sylgautier.art\/fr\/wp-json\/wp\/v2\/pages\/6984\/revisions"}],"predecessor-version":[{"id":13102,"href":"https:\/\/sylgautier.art\/fr\/wp-json\/wp\/v2\/pages\/6984\/revisions\/13102"}],"wp:attachment":[{"href":"https:\/\/sylgautier.art\/fr\/wp-json\/wp\/v2\/media?parent=6984"}],"curies":[{"name":"wp","href":"https:\/\/api.w.org\/{rel}","templated":true}]}}