{"id":5340,"date":"2022-09-19T19:36:50","date_gmt":"2022-09-19T17:36:50","guid":{"rendered":"https:\/\/sylgautier.art\/?page_id=5340"},"modified":"2024-06-25T21:31:55","modified_gmt":"2024-06-25T19:31:55","slug":"terms-and-conditions-of-sale","status":"publish","type":"page","link":"https:\/\/sylgautier.art\/fr\/terms-and-conditions-of-sale\/","title":{"rendered":"Conditions g\u00e9n\u00e9rales de vente"},"content":{"rendered":"<p class=\"surroundDash post-title_sg\"><strong>Conditions g\u00e9n\u00e9rales de vente<\/strong><\/p>\n\n\n\n<div class=\"wp-container-1 wp-block-group CGV-container_sg\"><div class=\"wp-block-group__inner-container\">\n<div style=\"height:91px\" aria-hidden=\"true\" class=\"wp-block-spacer\"><\/div>\n\n\n\n<p class=\"has-text-color has-larger-font-size\" style=\"color:#296d54\"><strong>MENTION L\u00c9GALES<\/strong><\/p>\n\n\n\n<p><strong>Site web r\u00e9alis\u00e9 par:<\/strong><\/p>\n\n\n\n<p>Sylvain GAUTIER E.I. ,<br>35 rue des champs elys\u00e9es,<br>31500 Toulouse, France<\/p>\n\n\n\n<p><strong>Contacts:<br><\/strong><a href=\"mailto:hello@sylgautier.art\">hello@sylgautier.art<\/a><\/p>\n\n\n\n<p><strong>SIRET<\/strong> 517870416 00016<\/p>\n\n\n\n<p><strong>EORI <\/strong>FR51787041600016<\/p>\n\n\n\n<p><strong>Webdesign et integration :<\/strong> Sylvain GAUTIER, sur le th\u00e8me \u00ab Vingt vingt \u00bb. Propuls\u00e9 par <a href=\"http:\/\/www.wordpress.com\/\">WordPress<\/a>.<\/p>\n\n\n\n<p><strong>H\u00e9bergement :<\/strong> <a href=\"http:\/\/www.ovh.com\/\">OVH<\/a>, 2 rue Kellermann &#8211; 59100 Roubaix &#8211; France.<\/p>\n\n\n\n<p><strong>Copyright:<\/strong> Tout le contenu de ce site est \u00a9 Sylvain Gautier E.I. Toute utilisation ou reproduction non autoris\u00e9e est interdite et passible de poursuites judiciaires.<\/p>\n\n\n\n<div style=\"height:100px\" aria-hidden=\"true\" class=\"wp-block-spacer\"><\/div>\n\n\n\n<p class=\"has-text-color has-larger-font-size\" style=\"color:#296d54\"><strong>CONDITIONS DE VENTE<\/strong><\/p>\n\n\n\n<p class=\"has-text-color\" style=\"color:#296d54\"><strong>PREAMBULE<\/strong><\/p>\n\n\n\n<p>Sylvain GAUTIER E.I.  fabrique des pi\u00e8ces uniques en bois, \u00e0 partir de bois achet\u00e9 ou de r\u00e9cup\u00e9ration, qui peuvent pr\u00e9senter des anomalies, traces d\u2019usure, n\u0153uds, fissures, traces de coupe, qui font leur authenticit\u00e9. Chaque mod\u00e8le est une cr\u00e9ation propre, toute reproduction de ses mod\u00e8les \u00e0 titre commercial est formellement interdite et le contrevenant s\u2019engage \u00e0 des poursuites en justice.<\/p>\n\n\n\n<div style=\"height:18px\" aria-hidden=\"true\" class=\"wp-block-spacer\"><\/div>\n\n\n\n<p class=\"has-text-color\" style=\"color:#296d54\"><strong>1. Conditions G\u00e9n\u00e9rales<\/strong><\/p>\n\n\n\n<p class=\" translation-block\"><strong>Champ d\u2019application :<\/strong> Ces conditions s\u2019appliquent \u00e0 toutes les ventes en ligne de produits de Sylvain Gautier E.I. (le \u00ab Vendeur \u00bb).<\/p>\n\n\n\n<p class=\" translation-block\"><strong>Contrat\u00a0:<\/strong> En effectuant un achat chez nous, vous (\"l\u2019acheteur\u00a0\u00bb) acceptez les pr\u00e9sentes conditions. Le Vendeur se r\u00e9serve le droit de mettre \u00e0 jour ces conditions \u00e0 tout moment. Les conditions applicables sont celles en vigueur \u00e0 la date de paiement de la commande.<\/p>\n\n\n\n<p class=\" translation-block\"><strong>Capacit\u00e9 juridique :<\/strong> En passant une commande, vous confirmez que vous \u00eates juridiquement capable de conclure des contrats en vertu du droit fran\u00e7ais.<\/p>\n\n\n\n<div style=\"height:24px\" aria-hidden=\"true\" class=\"wp-block-spacer\"><\/div>\n\n\n\n<p class=\"has-text-color\" style=\"color:#296d54\"><strong>2. Prix et paiement<\/strong><\/p>\n\n\n\n<p class=\" translation-block\"><strong>Prix :<\/strong> Les prix sont indiqu\u00e9s en euros, hors TVA (non applicable, article 293 B du Code g\u00e9n\u00e9ral des imp\u00f4ts). Les frais d'exp\u00e9dition et autres frais applicables sont calcul\u00e9s au moment du paiement. Les acheteurs internationaux sont responsables des \u00e9ventuels droits de douane ou taxes locales.<\/p>\n\n\n\n<p class=\" translation-block\"><strong>Modifications de prix\u00a0:<\/strong> Le Vendeur peut mettre \u00e0 jour les prix \u00e0 tout moment, mais les commandes seront factur\u00e9es au prix en vigueur au moment de la confirmation de la commande.<\/p>\n\n\n\n<p class=\" translation-block\"><strong>Paiement<\/strong> : Toutes les commandes doivent \u00eatre r\u00e9gl\u00e9es en Euros. Le produit est factur\u00e9 sur la base du tarif en vigueur au moment de la validation de la commande et sous r\u00e9serve de disponibilit\u00e9.<\/p>\n\n\n\n<div style=\"height:35px\" aria-hidden=\"true\" class=\"wp-block-spacer\"><\/div>\n\n\n\n<p class=\"has-text-color\" style=\"color:#296d54\"><strong>3. Produits et services<\/strong><\/p>\n\n\n\n<p class=\" translation-block\"><strong>Description\u00a0:<\/strong> Les d\u00e9tails et les prix des produits sont disponibles sur notre site Web. Toutes les photos sont fournies \u00e0 titre indicatif et ne constituent pas une partie contraignante d'un quelconque accord.<\/p>\n\n\n\n<p class=\" translation-block\"><strong>Stock et disponibilit\u00e9\u00a0:<\/strong> les commandes sont ex\u00e9cut\u00e9es en fonction de la disponibilit\u00e9 des produits. Si un article n'est pas disponible, le vendeur en informera rapidement l'acheteur pour discuter des alternatives ou proc\u00e9der \u00e0 un remboursement.<\/p>\n\n\n\n<p class=\" translation-block\"><strong>Propri\u00e9t\u00e9 :<\/strong> Les produits restent la propri\u00e9t\u00e9 du Vendeur jusqu'au paiement int\u00e9gral.<\/p>\n\n\n\n<p class=\" translation-block\"><strong>Exclusions :<\/strong> Les produits vendus sont des articles de d\u00e9coration et de collection et ne conviennent pas aux enfants. Le Vendeur n'est pas responsable de l'utilisation abusive par des mineurs.<\/p>\n\n\n\n<div style=\"height:29px\" aria-hidden=\"true\" class=\"wp-block-spacer\"><\/div>\n\n\n\n<p class=\"has-text-color\" style=\"color:#296d54\"><strong>4. Retours, \u00e9changes et droits de r\u00e9tractation :<\/strong><\/p>\n\n\n\n<p class=\" translation-block\"><strong>Produits d\u00e9fectueux ou non conformes :<\/strong> Ils peuvent \u00eatre retourn\u00e9s dans les 30 jours suivant la livraison. Les produits doivent \u00eatre dans leur \u00e9tat d'origine avec tous les emballages et accessoires. Le Vendeur remboursera le prix du produit, mais les frais d'exp\u00e9dition aller et retour sont \u00e0 la charge de l'Acheteur.<\/p>\n\n\n\n<p><strong>R\u00e9tractation :<\/strong><\/p>\n\n\n\n<ul><li class=\" translation-block\"><strong>Articles en stock\u00a0:<\/strong> les acheteurs peuvent se r\u00e9tracter d'un achat dans les 7 jours suivant la r\u00e9ception. Les produits doivent \u00eatre retourn\u00e9s dans leur \u00e9tat et emballage d'origine (voir conditions ci-dessus).<\/li><\/ul>\n\n\n\n<ul><li class=\" translation-block\"><strong>Pr\u00e9commandes et articles personnalis\u00e9s\u00a0:<\/strong> les pr\u00e9commandes peuvent \u00eatre annul\u00e9es dans les 7 jours suivant la fin de la p\u00e9riode de pr\u00e9commande. Les articles personnalis\u00e9s ne peuvent pas faire l'objet d'un retrait.<\/li><\/ul>\n\n\n\n<p>Les remboursements pour annulations ou retours seront trait\u00e9s dans les 30 jours, moins les frais de transfert applicables.<\/p>\n\n\n\n<div style=\"height:29px\" aria-hidden=\"true\" class=\"wp-block-spacer\"><\/div>\n\n\n\n<p class=\"has-text-color\" style=\"color:#296d54\"><strong>5. Livraison<\/strong><\/p>\n\n\n\n<p class=\" translation-block\"><strong>Adresse\u00a0:<\/strong> les produits sont livr\u00e9s \u00e0 l'adresse indiqu\u00e9e lors de la commande. Pour des raisons de s\u00e9curit\u00e9, celle-ci doit correspondre \u00e0 l'adresse enregistr\u00e9e aupr\u00e8s de Paypal (si utilis\u00e9e).<\/p>\n\n\n\n<p class=\" translation-block\"><strong>D\u00e9lai de livraison\u00a0:<\/strong> les produits sont livr\u00e9s dans les 40 jours suivant la r\u00e9ception du paiement int\u00e9gral. Le risque de perte ou d'endommagement des produits est transf\u00e9r\u00e9 \u00e0 l'acheteur d\u00e8s la livraison. Les acheteurs doivent signaler tout probl\u00e8me de livraison au transporteur.<\/p>\n\n\n\n<div style=\"height:31px\" aria-hidden=\"true\" class=\"wp-block-spacer\"><\/div>\n\n\n\n<p class=\"has-text-color\" style=\"color:#296d54\"><strong>6. Force Majeure<\/strong><\/p>\n\n\n\n<p>Le Vendeur n'est pas responsable des retards ou de l'inex\u00e9cution dus \u00e0 des \u00e9v\u00e9nements impr\u00e9vus ou \u00e0 des cas de force majeure. L'Acheteur sera inform\u00e9 rapidement dans de tels cas.<\/p>\n\n\n\n<div style=\"height:30px\" aria-hidden=\"true\" class=\"wp-block-spacer\"><\/div>\n\n\n\n<p class=\"has-text-color\" style=\"color:#296d54\"><strong>7. Protection des donn\u00e9es<\/strong><\/p>\n\n\n\n<p class=\" translation-block\">Le Vendeur respecte votre vie priv\u00e9e et traite les donn\u00e9es personnelles dans le respect de la loi Informatique et Libert\u00e9s. Pour toute demande d'acc\u00e8s, d'opposition ou de rectification, envoyez un email \u00e0 <a target=\"_self\">syl.gautier@gmail.com<\/a> ou \u00e9crivez \u00e0 Sylvain Gautier E.I., 35 rue des Champs Elys\u00e9es, 31500 Toulouse, France.<\/p>\n\n\n\n<div style=\"height:34px\" aria-hidden=\"true\" class=\"wp-block-spacer\"><\/div>\n\n\n\n<p class=\"has-text-color\" style=\"color:#296d54\"><strong>8. Loi applicable et juridiction comp\u00e9tente<\/strong><\/p>\n\n\n\n<p>Les pr\u00e9sentes conditions g\u00e9n\u00e9rales sont r\u00e9gies par le droit fran\u00e7ais. Les litiges doivent \u00eatre r\u00e9solus en priorit\u00e9 directement avec le Vendeur. A d\u00e9faut de r\u00e9solution, les tribunaux fran\u00e7ais sont seuls comp\u00e9tents.<\/p>\n\n\n\n<div style=\"height:41px\" aria-hidden=\"true\" class=\"wp-block-spacer\"><\/div>\n\n\n\n<p><em>Mis \u00e0 jour le : <\/em><\/p>\n\n\n\n<p><em>25\/06\/2024<\/em><\/p>\n<\/div><\/div>","protected":false},"excerpt":{"rendered":"<p>Terms &amp; Conditions of Sale LEGAL NOTICE Website edited by: Sylvain GAUTIER E.I. ,35 rue des champs elys\u00e9es,31500 Toulouse, France Contacts:hello@sylgautier.art Establishment Directory Identification System: 517870416 00016 Economic Operator Registration and Identification: FR51787041600016 Webdesign and integration : Sylvain GAUTIER, based on the &#8220;Twenty twenty&#8221; theme. Powered by WordPress. Hosting : OVH, 2 rue Kellermann &#8211; [&hellip;]<\/p>","protected":false},"author":1,"featured_media":0,"parent":0,"menu_order":0,"comment_status":"closed","ping_status":"closed","template":"","meta":[],"yoast_head":"<!-- This site is optimized with the Yoast SEO plugin v19.1 - https:\/\/yoast.com\/wordpress\/plugins\/seo\/ -->\n<title>Sylvain Gautier - Terms &amp; Conditions of Sale<\/title>\n<meta name=\"description\" content=\"Bonjour and welcome to my website. I am Sylvain Gautier, a French sculptor and cabinet maker.\" \/>\n<meta name=\"robots\" content=\"noindex, nofollow\" \/>\n<meta property=\"og:locale\" content=\"fr_FR\" \/>\n<meta property=\"og:type\" content=\"article\" \/>\n<meta property=\"og:title\" content=\"Sylvain Gautier - Terms &amp; Conditions of Sale\" \/>\n<meta property=\"og:description\" content=\"Bonjour and welcome to my website. I am Sylvain Gautier, a French sculptor and cabinet maker.\" \/>\n<meta property=\"og:url\" content=\"https:\/\/sylgautier.art\/fr\/terms-and-conditions-of-sale\/\" \/>\n<meta property=\"og:site_name\" content=\"Sylvain Gautier\" \/>\n<meta property=\"article:publisher\" content=\"https:\/\/www.facebook.com\/syl.gautier\" \/>\n<meta property=\"article:modified_time\" content=\"2024-06-25T19:31:55+00:00\" \/>\n<meta name=\"twitter:card\" content=\"summary_large_image\" \/>\n<meta name=\"twitter:site\" content=\"@SylGAUTIER\" \/>\n<meta name=\"twitter:label1\" content=\"Dur\u00e9e de lecture estim\u00e9e\" \/>\n\t<meta name=\"twitter:data1\" content=\"3 minutes\" \/>\n<script type=\"application\/ld+json\" class=\"yoast-schema-graph\">{\"@context\":\"https:\/\/schema.org\",\"@graph\":[{\"@type\":[\"Person\",\"Organization\"],\"@id\":\"https:\/\/sylgautier.art\/#\/schema\/person\/629fcdd77d02474e5ee94fe355f025b1\",\"name\":\"syl.gautier\",\"image\":{\"@type\":\"ImageObject\",\"inLanguage\":\"fr-FR\",\"@id\":\"https:\/\/sylgautier.art\/#\/schema\/person\/image\/\",\"url\":\"https:\/\/sylgautier.art\/wp-content\/uploads\/2022\/09\/preview-home.jpg\",\"contentUrl\":\"https:\/\/sylgautier.art\/wp-content\/uploads\/2022\/09\/preview-home.jpg\",\"width\":1064,\"height\":709,\"caption\":\"syl.gautier\"},\"logo\":{\"@id\":\"https:\/\/sylgautier.art\/#\/schema\/person\/image\/\"},\"sameAs\":[\"http:\/\/sylgautier.art\",\"https:\/\/www.facebook.com\/syl.gautier\",\"https:\/\/www.instagram.com\/syl.gautier\/\",\"https:\/\/twitter.com\/https:\/\/twitter.com\/SylGAUTIER\",\"https:\/\/www.youtube.com\/c\/sylgautier\"]},{\"@type\":\"WebSite\",\"@id\":\"https:\/\/sylgautier.art\/#website\",\"url\":\"https:\/\/sylgautier.art\/\",\"name\":\"Sylvain Gautier\",\"description\":\"Sculpteur \/ \u00c9b\u00e9niste\",\"publisher\":{\"@id\":\"https:\/\/sylgautier.art\/#\/schema\/person\/629fcdd77d02474e5ee94fe355f025b1\"},\"potentialAction\":[{\"@type\":\"SearchAction\",\"target\":{\"@type\":\"EntryPoint\",\"urlTemplate\":\"https:\/\/sylgautier.art\/?s={search_term_string}\"},\"query-input\":\"required name=search_term_string\"}],\"inLanguage\":\"fr-FR\"},{\"@type\":\"WebPage\",\"@id\":\"https:\/\/sylgautier.art\/terms-and-conditions-of-sale\/#webpage\",\"url\":\"https:\/\/sylgautier.art\/terms-and-conditions-of-sale\/\",\"name\":\"Sylvain Gautier - Terms & Conditions of Sale\",\"isPartOf\":{\"@id\":\"https:\/\/sylgautier.art\/#website\"},\"datePublished\":\"2022-09-19T17:36:50+00:00\",\"dateModified\":\"2024-06-25T19:31:55+00:00\",\"description\":\"Bonjour and welcome to my website. I am Sylvain Gautier, a French sculptor and cabinet maker.\",\"breadcrumb\":{\"@id\":\"https:\/\/sylgautier.art\/terms-and-conditions-of-sale\/#breadcrumb\"},\"inLanguage\":\"fr-FR\",\"potentialAction\":[{\"@type\":\"ReadAction\",\"target\":[\"https:\/\/sylgautier.art\/terms-and-conditions-of-sale\/\"]}]},{\"@type\":\"BreadcrumbList\",\"@id\":\"https:\/\/sylgautier.art\/terms-and-conditions-of-sale\/#breadcrumb\",\"itemListElement\":[{\"@type\":\"ListItem\",\"position\":1,\"name\":\"Home\",\"item\":\"https:\/\/sylgautier.art\/\"},{\"@type\":\"ListItem\",\"position\":2,\"name\":\"Terms &#038; Conditions of Sale\"}]}]}<\/script>\n<!-- \/ Yoast SEO plugin. -->","yoast_head_json":{"title":"Sylvain Gautier - Terms & Conditions of Sale","description":"Bonjour and welcome to my website. I am Sylvain Gautier, a French sculptor and cabinet maker.","robots":{"index":"noindex","follow":"nofollow"},"og_locale":"fr_FR","og_type":"article","og_title":"Sylvain Gautier - Terms & Conditions of Sale","og_description":"Bonjour and welcome to my website. I am Sylvain Gautier, a French sculptor and cabinet maker.","og_url":"https:\/\/sylgautier.art\/fr\/terms-and-conditions-of-sale\/","og_site_name":"Sylvain Gautier","article_publisher":"https:\/\/www.facebook.com\/syl.gautier","article_modified_time":"2024-06-25T19:31:55+00:00","twitter_card":"summary_large_image","twitter_site":"@SylGAUTIER","twitter_misc":{"Dur\u00e9e de lecture estim\u00e9e":"3 minutes"},"schema":{"@context":"https:\/\/schema.org","@graph":[{"@type":["Person","Organization"],"@id":"https:\/\/sylgautier.art\/#\/schema\/person\/629fcdd77d02474e5ee94fe355f025b1","name":"syl.gautier","image":{"@type":"ImageObject","inLanguage":"fr-FR","@id":"https:\/\/sylgautier.art\/#\/schema\/person\/image\/","url":"https:\/\/sylgautier.art\/wp-content\/uploads\/2022\/09\/preview-home.jpg","contentUrl":"https:\/\/sylgautier.art\/wp-content\/uploads\/2022\/09\/preview-home.jpg","width":1064,"height":709,"caption":"syl.gautier"},"logo":{"@id":"https:\/\/sylgautier.art\/#\/schema\/person\/image\/"},"sameAs":["http:\/\/sylgautier.art","https:\/\/www.facebook.com\/syl.gautier","https:\/\/www.instagram.com\/syl.gautier\/","https:\/\/twitter.com\/https:\/\/twitter.com\/SylGAUTIER","https:\/\/www.youtube.com\/c\/sylgautier"]},{"@type":"WebSite","@id":"https:\/\/sylgautier.art\/#website","url":"https:\/\/sylgautier.art\/","name":"Sylvain Gautier","description":"Sculpteur \/ \u00c9b\u00e9niste","publisher":{"@id":"https:\/\/sylgautier.art\/#\/schema\/person\/629fcdd77d02474e5ee94fe355f025b1"},"potentialAction":[{"@type":"SearchAction","target":{"@type":"EntryPoint","urlTemplate":"https:\/\/sylgautier.art\/?s={search_term_string}"},"query-input":"required name=search_term_string"}],"inLanguage":"fr-FR"},{"@type":"WebPage","@id":"https:\/\/sylgautier.art\/terms-and-conditions-of-sale\/#webpage","url":"https:\/\/sylgautier.art\/terms-and-conditions-of-sale\/","name":"Sylvain Gautier - Terms & Conditions of Sale","isPartOf":{"@id":"https:\/\/sylgautier.art\/#website"},"datePublished":"2022-09-19T17:36:50+00:00","dateModified":"2024-06-25T19:31:55+00:00","description":"Bonjour and welcome to my website. I am Sylvain Gautier, a French sculptor and cabinet maker.","breadcrumb":{"@id":"https:\/\/sylgautier.art\/terms-and-conditions-of-sale\/#breadcrumb"},"inLanguage":"fr-FR","potentialAction":[{"@type":"ReadAction","target":["https:\/\/sylgautier.art\/terms-and-conditions-of-sale\/"]}]},{"@type":"BreadcrumbList","@id":"https:\/\/sylgautier.art\/terms-and-conditions-of-sale\/#breadcrumb","itemListElement":[{"@type":"ListItem","position":1,"name":"Home","item":"https:\/\/sylgautier.art\/"},{"@type":"ListItem","position":2,"name":"Terms &#038; Conditions of Sale"}]}]}},"post_mailing_queue_ids":[],"_links":{"self":[{"href":"https:\/\/sylgautier.art\/fr\/wp-json\/wp\/v2\/pages\/5340"}],"collection":[{"href":"https:\/\/sylgautier.art\/fr\/wp-json\/wp\/v2\/pages"}],"about":[{"href":"https:\/\/sylgautier.art\/fr\/wp-json\/wp\/v2\/types\/page"}],"author":[{"embeddable":true,"href":"https:\/\/sylgautier.art\/fr\/wp-json\/wp\/v2\/users\/1"}],"replies":[{"embeddable":true,"href":"https:\/\/sylgautier.art\/fr\/wp-json\/wp\/v2\/comments?post=5340"}],"version-history":[{"count":27,"href":"https:\/\/sylgautier.art\/fr\/wp-json\/wp\/v2\/pages\/5340\/revisions"}],"predecessor-version":[{"id":12892,"href":"https:\/\/sylgautier.art\/fr\/wp-json\/wp\/v2\/pages\/5340\/revisions\/12892"}],"wp:attachment":[{"href":"https:\/\/sylgautier.art\/fr\/wp-json\/wp\/v2\/media?parent=5340"}],"curies":[{"name":"wp","href":"https:\/\/api.w.org\/{rel}","templated":true}]}}