{"id":35,"date":"2022-09-20T22:05:08","date_gmt":"2022-09-20T20:05:08","guid":{"rendered":"http:\/\/sylgautier.art\/?page_id=35"},"modified":"2023-08-01T23:01:46","modified_gmt":"2023-08-01T21:01:46","slug":"biography","status":"publish","type":"page","link":"https:\/\/sylgautier.art\/fr\/biography\/","title":{"rendered":"Biographie"},"content":{"rendered":"<div class=\"wp-block-cover alignfull is-light has-parallax bannerPage bannerBio eplus-wrapper\" style=\"background-image:url(https:\/\/sylgautier.art\/wp-content\/uploads\/2022\/10\/banner-bio5.jpg);min-height:260px\"><span aria-hidden=\"true\" class=\"wp-block-cover__background has-background-dim-0 has-background-dim\"><\/span><div class=\"wp-block-cover__inner-container\"><h2 class=\"titrePage surroundDash wp-block-post-title\">Biographie<\/h2><\/div><\/div>\n\n\n\n<div class=\"wp-container-3 wp-block-group bio-container_sg\"><div class=\"wp-block-group__inner-container\">\n<figure class=\"wp-block-image size-full bio-img_sg\"><img loading=\"lazy\" width=\"1000\" height=\"1000\" src=\"https:\/\/sylgautier.art\/wp-content\/uploads\/2023\/08\/portrait-square2.jpg\" alt=\"\" class=\"wp-image-12289\" srcset=\"https:\/\/sylgautier.art\/wp-content\/uploads\/2023\/08\/portrait-square2.jpg 1000w, https:\/\/sylgautier.art\/wp-content\/uploads\/2023\/08\/portrait-square2-768x768.jpg 768w, https:\/\/sylgautier.art\/wp-content\/uploads\/2023\/08\/portrait-square2-12x12.jpg 12w, https:\/\/sylgautier.art\/wp-content\/uploads\/2023\/08\/portrait-square2-200x200.jpg 200w, https:\/\/sylgautier.art\/wp-content\/uploads\/2023\/08\/portrait-square2-300x300.jpg 300w, https:\/\/sylgautier.art\/wp-content\/uploads\/2023\/08\/portrait-square2-600x600.jpg 600w, https:\/\/sylgautier.art\/wp-content\/uploads\/2023\/08\/portrait-square2-100x100.jpg 100w\" sizes=\"(max-width: 1000px) 100vw, 1000px\" \/><\/figure>\n\n\n\n<div class=\"wp-container-2 wp-block-group bio-info_sg\"><div class=\"wp-block-group__inner-container\">\n<h2 class=\"bio-nom_sg\" style=\"font-style:normal;font-weight:300\">Sylvain Gautier<\/h2>\n\n\n\n<p class=\"bio-quote_sg\">\"Les arbres, plus tu les connais moins tu as envie de les couper.\"<\/p>\n\n\n\n<p class=\"has-text-align-right bio-quote-name_sg\"><em>Baptiste GAUTIER &#8211; 2018<\/em><\/p>\n\n\n\n<hr class=\"wp-block-separator alignwide has-alpha-channel-opacity bio-separator_sg\"\/>\n\n\n\n<div class=\"wp-container-1 wp-block-group bio-text_sg\"><div class=\"wp-block-group__inner-container\">\n<p class=\"bio-text-first-line_sg\"><strong>Sylvain Gautier est n\u00e9 en 1986 \u00e0 Toulouse dans le sud de la France.<\/strong><\/p>\n\n\n\n<p>Enfant, il d\u00e9couvre le travail du bois dans l'atelier de son p\u00e8re, c\u2019est l\u00e0 que sa passion a pris racine. Apr\u00e8s ses premi\u00e8res \u00e9tudes en multim\u00e9dia, il est graphiste ind\u00e9pendant pendant plusieurs ann\u00e9es.\u00a0<\/p>\n\n\n\n<p>En 2013, il d\u00e9cide de prendre du recul et entreprend un long voyage \u00e0 travers plusieurs pays d'Oc\u00e9anie et d'Asie. En Polyn\u00e9sie fran\u00e7aise, il vit un moment d\u00e9terminant dans son parcours artistique en ayant la chance de nager avec des baleines \u00e0 bosse. Cette rencontre et la gr\u00e2ce de ces mammif\u00e8res ont un effet notable sur lui.<\/p>\n\n\n\n<p>En 2018, de retour en France, Sylvain ressent le besoin de cr\u00e9er des choses plus tangibles de ses mains. Il s'oriente vers une formation d\u2019\u00e9b\u00e9nisterie en int\u00e9grant l\u2019institut des m\u00e9tiers d'art de Revel. Il y d\u00e9couvre les gestes et le savoir-faire du m\u00e9tier pendant plusieurs mois aux c\u00f4t\u00e9s d\u2019un artisan exp\u00e9riment\u00e9. Durant cet apprentissage il effectue un stage avec la compagnie \u201cLa Machine\u201d \u00e0 Nantes, o\u00f9 il participe \u00e0 la fabrication du \u201cDragon de Calais\u201d. Inspir\u00e9 par ces machines g\u00e9antes, il se forme, en autodidacte, \u00e0 la sculpture sur bois et cr\u00e9e son premier automate de baleine.<\/p>\n\n\n\n<p>Il obtient son dipl\u00f4me en 2019.<\/p>\n\n\n\n<p>L\u2019ann\u00e9e suivante, Sylvain est embauch\u00e9 par l'Op\u00e9ra National du Capitole de Toulouse en tant qu\u2019\u00e9b\u00e9niste et accessoiriste. Il est charg\u00e9 de la fabrication de mobilier et de d\u00e9cors pour plusieurs op\u00e9ras. C\u2019est l\u00e0 qu\u2019il se d\u00e9couvre une fascination pour les coulisses du spectacle vivant.<\/p>\n\n\n\n<p>En parall\u00e8le, il d\u00e9veloppe sa passion pour la sculpture sur bois. Anim\u00e9es ou immobiles, ses pi\u00e8ces repr\u00e9sentent principalement le monde marin. Monde auquel il accorde une place importante dans son imaginaire. <\/p>\n\n\n\n<p>Sylvain a aussi \u00e0 c\u0153ur de partager son processus de cr\u00e9ation, avec un regard pr\u00e9cis et un sens esth\u00e9tique. C'est par la vid\u00e9o et la photo qu'il documente son processus cr\u00e9atif qu\u2019il publie sur internet.<\/p>\n\n\n\n<p>La th\u00e9matique de son travail, sa pratique de la plong\u00e9e et son soutien \u00e0 diverses associations, t\u00e9moignent de son envie de prot\u00e9ger et pr\u00e9server l'ocean et sa biodiversit\u00e9.<\/p>\n<\/div><\/div>\n\n\n\n<hr class=\"wp-block-separator alignwide has-alpha-channel-opacity bio-separator_sg\"\/>\n<\/div><\/div>\n<\/div><\/div>","protected":false},"excerpt":{"rendered":"<p>Sylvain Gautier &#8220;Trees, the more you know them the less you want to cut them down.&#8221; Baptiste GAUTIER &#8211; 2018 Sylvain Gautier was born in 1986 in Toulouse in the south of France. As a child, he discovered woodworking in his father&#8217;s workshop, which is where his passion took its root. After his first studies [&hellip;]<\/p>","protected":false},"author":1,"featured_media":5407,"parent":0,"menu_order":0,"comment_status":"closed","ping_status":"closed","template":"","meta":[],"yoast_head":"<!-- This site is optimized with the Yoast SEO plugin v19.1 - https:\/\/yoast.com\/wordpress\/plugins\/seo\/ -->\n<title>Sylvain Gautier - Biography<\/title>\n<meta name=\"description\" content=\"Bonjour and welcome to my website. I am Sylvain Gautier, a French sculptor and cabinet maker. Read my biography and learn more about me.\" \/>\n<meta name=\"robots\" content=\"index, follow, max-snippet:-1, max-image-preview:large, max-video-preview:-1\" \/>\n<link rel=\"canonical\" href=\"https:\/\/sylgautier.art\/fr\/biography\/\" \/>\n<meta property=\"og:locale\" content=\"fr_FR\" \/>\n<meta property=\"og:type\" content=\"article\" \/>\n<meta property=\"og:title\" content=\"Sylvain Gautier - Biography\" \/>\n<meta property=\"og:description\" content=\"Bonjour and welcome to my website. I am Sylvain Gautier, a French sculptor and cabinet maker. Read my biography and learn more about me.\" \/>\n<meta property=\"og:url\" content=\"https:\/\/sylgautier.art\/fr\/biography\/\" \/>\n<meta property=\"og:site_name\" content=\"Sylvain Gautier\" \/>\n<meta property=\"article:publisher\" content=\"https:\/\/www.facebook.com\/syl.gautier\" \/>\n<meta property=\"article:modified_time\" content=\"2023-08-01T21:01:46+00:00\" \/>\n<meta property=\"og:image\" content=\"https:\/\/sylgautier.art\/wp-content\/uploads\/2022\/09\/preview-home.jpg\" \/>\n\t<meta property=\"og:image:width\" content=\"1064\" \/>\n\t<meta property=\"og:image:height\" content=\"709\" \/>\n\t<meta property=\"og:image:type\" content=\"image\/jpeg\" \/>\n<meta name=\"twitter:card\" content=\"summary_large_image\" \/>\n<meta name=\"twitter:site\" content=\"@SylGAUTIER\" \/>\n<meta name=\"twitter:label1\" content=\"Dur\u00e9e de lecture estim\u00e9e\" \/>\n\t<meta name=\"twitter:data1\" content=\"2 minutes\" \/>\n<script type=\"application\/ld+json\" class=\"yoast-schema-graph\">{\"@context\":\"https:\/\/schema.org\",\"@graph\":[{\"@type\":[\"Person\",\"Organization\"],\"@id\":\"https:\/\/sylgautier.art\/#\/schema\/person\/629fcdd77d02474e5ee94fe355f025b1\",\"name\":\"syl.gautier\",\"image\":{\"@type\":\"ImageObject\",\"inLanguage\":\"fr-FR\",\"@id\":\"https:\/\/sylgautier.art\/#\/schema\/person\/image\/\",\"url\":\"https:\/\/sylgautier.art\/wp-content\/uploads\/2022\/09\/preview-home.jpg\",\"contentUrl\":\"https:\/\/sylgautier.art\/wp-content\/uploads\/2022\/09\/preview-home.jpg\",\"width\":1064,\"height\":709,\"caption\":\"syl.gautier\"},\"logo\":{\"@id\":\"https:\/\/sylgautier.art\/#\/schema\/person\/image\/\"},\"sameAs\":[\"http:\/\/sylgautier.art\",\"https:\/\/www.facebook.com\/syl.gautier\",\"https:\/\/www.instagram.com\/syl.gautier\/\",\"https:\/\/twitter.com\/https:\/\/twitter.com\/SylGAUTIER\",\"https:\/\/www.youtube.com\/c\/sylgautier\"]},{\"@type\":\"WebSite\",\"@id\":\"https:\/\/sylgautier.art\/#website\",\"url\":\"https:\/\/sylgautier.art\/\",\"name\":\"Sylvain Gautier\",\"description\":\"Sculpteur \/ \u00c9b\u00e9niste\",\"publisher\":{\"@id\":\"https:\/\/sylgautier.art\/#\/schema\/person\/629fcdd77d02474e5ee94fe355f025b1\"},\"potentialAction\":[{\"@type\":\"SearchAction\",\"target\":{\"@type\":\"EntryPoint\",\"urlTemplate\":\"https:\/\/sylgautier.art\/?s={search_term_string}\"},\"query-input\":\"required name=search_term_string\"}],\"inLanguage\":\"fr-FR\"},{\"@type\":\"ImageObject\",\"inLanguage\":\"fr-FR\",\"@id\":\"https:\/\/sylgautier.art\/biography\/#primaryimage\",\"url\":\"https:\/\/sylgautier.art\/wp-content\/uploads\/2022\/09\/preview-home.jpg\",\"contentUrl\":\"https:\/\/sylgautier.art\/wp-content\/uploads\/2022\/09\/preview-home.jpg\",\"width\":1064,\"height\":709},{\"@type\":\"WebPage\",\"@id\":\"https:\/\/sylgautier.art\/biography\/#webpage\",\"url\":\"https:\/\/sylgautier.art\/biography\/\",\"name\":\"Sylvain Gautier - Biography\",\"isPartOf\":{\"@id\":\"https:\/\/sylgautier.art\/#website\"},\"primaryImageOfPage\":{\"@id\":\"https:\/\/sylgautier.art\/biography\/#primaryimage\"},\"datePublished\":\"2022-09-20T20:05:08+00:00\",\"dateModified\":\"2023-08-01T21:01:46+00:00\",\"description\":\"Bonjour and welcome to my website. I am Sylvain Gautier, a French sculptor and cabinet maker. Read my biography and learn more about me.\",\"breadcrumb\":{\"@id\":\"https:\/\/sylgautier.art\/biography\/#breadcrumb\"},\"inLanguage\":\"fr-FR\",\"potentialAction\":[{\"@type\":\"ReadAction\",\"target\":[\"https:\/\/sylgautier.art\/biography\/\"]}]},{\"@type\":\"BreadcrumbList\",\"@id\":\"https:\/\/sylgautier.art\/biography\/#breadcrumb\",\"itemListElement\":[{\"@type\":\"ListItem\",\"position\":1,\"name\":\"Home\",\"item\":\"https:\/\/sylgautier.art\/\"},{\"@type\":\"ListItem\",\"position\":2,\"name\":\"Biography\"}]}]}<\/script>\n<!-- \/ Yoast SEO plugin. -->","yoast_head_json":{"title":"Sylvain Gautier - Biography","description":"Bonjour and welcome to my website. I am Sylvain Gautier, a French sculptor and cabinet maker. Read my biography and learn more about me.","robots":{"index":"index","follow":"follow","max-snippet":"max-snippet:-1","max-image-preview":"max-image-preview:large","max-video-preview":"max-video-preview:-1"},"canonical":"https:\/\/sylgautier.art\/fr\/biography\/","og_locale":"fr_FR","og_type":"article","og_title":"Sylvain Gautier - Biography","og_description":"Bonjour and welcome to my website. I am Sylvain Gautier, a French sculptor and cabinet maker. Read my biography and learn more about me.","og_url":"https:\/\/sylgautier.art\/fr\/biography\/","og_site_name":"Sylvain Gautier","article_publisher":"https:\/\/www.facebook.com\/syl.gautier","article_modified_time":"2023-08-01T21:01:46+00:00","og_image":[{"width":1064,"height":709,"url":"https:\/\/sylgautier.art\/wp-content\/uploads\/2022\/09\/preview-home.jpg","type":"image\/jpeg"}],"twitter_card":"summary_large_image","twitter_site":"@SylGAUTIER","twitter_misc":{"Dur\u00e9e de lecture estim\u00e9e":"2 minutes"},"schema":{"@context":"https:\/\/schema.org","@graph":[{"@type":["Person","Organization"],"@id":"https:\/\/sylgautier.art\/#\/schema\/person\/629fcdd77d02474e5ee94fe355f025b1","name":"syl.gautier","image":{"@type":"ImageObject","inLanguage":"fr-FR","@id":"https:\/\/sylgautier.art\/#\/schema\/person\/image\/","url":"https:\/\/sylgautier.art\/wp-content\/uploads\/2022\/09\/preview-home.jpg","contentUrl":"https:\/\/sylgautier.art\/wp-content\/uploads\/2022\/09\/preview-home.jpg","width":1064,"height":709,"caption":"syl.gautier"},"logo":{"@id":"https:\/\/sylgautier.art\/#\/schema\/person\/image\/"},"sameAs":["http:\/\/sylgautier.art","https:\/\/www.facebook.com\/syl.gautier","https:\/\/www.instagram.com\/syl.gautier\/","https:\/\/twitter.com\/https:\/\/twitter.com\/SylGAUTIER","https:\/\/www.youtube.com\/c\/sylgautier"]},{"@type":"WebSite","@id":"https:\/\/sylgautier.art\/#website","url":"https:\/\/sylgautier.art\/","name":"Sylvain Gautier","description":"Sculpteur \/ \u00c9b\u00e9niste","publisher":{"@id":"https:\/\/sylgautier.art\/#\/schema\/person\/629fcdd77d02474e5ee94fe355f025b1"},"potentialAction":[{"@type":"SearchAction","target":{"@type":"EntryPoint","urlTemplate":"https:\/\/sylgautier.art\/?s={search_term_string}"},"query-input":"required name=search_term_string"}],"inLanguage":"fr-FR"},{"@type":"ImageObject","inLanguage":"fr-FR","@id":"https:\/\/sylgautier.art\/biography\/#primaryimage","url":"https:\/\/sylgautier.art\/wp-content\/uploads\/2022\/09\/preview-home.jpg","contentUrl":"https:\/\/sylgautier.art\/wp-content\/uploads\/2022\/09\/preview-home.jpg","width":1064,"height":709},{"@type":"WebPage","@id":"https:\/\/sylgautier.art\/biography\/#webpage","url":"https:\/\/sylgautier.art\/biography\/","name":"Sylvain Gautier - Biography","isPartOf":{"@id":"https:\/\/sylgautier.art\/#website"},"primaryImageOfPage":{"@id":"https:\/\/sylgautier.art\/biography\/#primaryimage"},"datePublished":"2022-09-20T20:05:08+00:00","dateModified":"2023-08-01T21:01:46+00:00","description":"Bonjour and welcome to my website. I am Sylvain Gautier, a French sculptor and cabinet maker. Read my biography and learn more about me.","breadcrumb":{"@id":"https:\/\/sylgautier.art\/biography\/#breadcrumb"},"inLanguage":"fr-FR","potentialAction":[{"@type":"ReadAction","target":["https:\/\/sylgautier.art\/biography\/"]}]},{"@type":"BreadcrumbList","@id":"https:\/\/sylgautier.art\/biography\/#breadcrumb","itemListElement":[{"@type":"ListItem","position":1,"name":"Home","item":"https:\/\/sylgautier.art\/"},{"@type":"ListItem","position":2,"name":"Biography"}]}]}},"post_mailing_queue_ids":[],"_links":{"self":[{"href":"https:\/\/sylgautier.art\/fr\/wp-json\/wp\/v2\/pages\/35"}],"collection":[{"href":"https:\/\/sylgautier.art\/fr\/wp-json\/wp\/v2\/pages"}],"about":[{"href":"https:\/\/sylgautier.art\/fr\/wp-json\/wp\/v2\/types\/page"}],"author":[{"embeddable":true,"href":"https:\/\/sylgautier.art\/fr\/wp-json\/wp\/v2\/users\/1"}],"replies":[{"embeddable":true,"href":"https:\/\/sylgautier.art\/fr\/wp-json\/wp\/v2\/comments?post=35"}],"version-history":[{"count":67,"href":"https:\/\/sylgautier.art\/fr\/wp-json\/wp\/v2\/pages\/35\/revisions"}],"predecessor-version":[{"id":12291,"href":"https:\/\/sylgautier.art\/fr\/wp-json\/wp\/v2\/pages\/35\/revisions\/12291"}],"wp:featuredmedia":[{"embeddable":true,"href":"https:\/\/sylgautier.art\/fr\/wp-json\/wp\/v2\/media\/5407"}],"wp:attachment":[{"href":"https:\/\/sylgautier.art\/fr\/wp-json\/wp\/v2\/media?parent=35"}],"curies":[{"name":"wp","href":"https:\/\/api.w.org\/{rel}","templated":true}]}}