{"id":12805,"date":"2023-12-04T14:30:44","date_gmt":"2023-12-04T13:30:44","guid":{"rendered":"https:\/\/sylgautier.art\/?page_id=12805"},"modified":"2023-12-05T15:34:44","modified_gmt":"2023-12-05T14:34:44","slug":"newsletter-subscribe","status":"publish","type":"page","link":"https:\/\/sylgautier.art\/fr\/newsletter-subscribe\/","title":{"rendered":"Newsletter-subscribe"},"content":{"rendered":"<div class=\"wp-block-getwid-banner newsBanner has-text-animation-opacity-bottom alignfull\"><a href=\"#\" class=\"wp-block-getwid-banner__link\"><div class=\"wp-block-getwid-banner__wrapper\"><img loading=\"lazy\" width=\"2000\" height=\"1200\" src=\"https:\/\/sylgautier.art\/wp-content\/uploads\/2022\/10\/banner-home-galery-06.jpg\" alt=\"\" class=\"wp-block-getwid-banner__image wp-block-getwid-banner__source wp-image-5910\" srcset=\"https:\/\/sylgautier.art\/wp-content\/uploads\/2022\/10\/banner-home-galery-06.jpg 2000w, https:\/\/sylgautier.art\/wp-content\/uploads\/2022\/10\/banner-home-galery-06-768x461.jpg 768w, https:\/\/sylgautier.art\/wp-content\/uploads\/2022\/10\/banner-home-galery-06-1536x922.jpg 1536w, https:\/\/sylgautier.art\/wp-content\/uploads\/2022\/10\/banner-home-galery-06-18x12.jpg 18w, https:\/\/sylgautier.art\/wp-content\/uploads\/2022\/10\/banner-home-galery-06-200x120.jpg 200w, https:\/\/sylgautier.art\/wp-content\/uploads\/2022\/10\/banner-home-galery-06-1200x720.jpg 1200w, https:\/\/sylgautier.art\/wp-content\/uploads\/2022\/10\/banner-home-galery-06-1980x1188.jpg 1980w, https:\/\/sylgautier.art\/wp-content\/uploads\/2022\/10\/banner-home-galery-06-600x360.jpg 600w\" sizes=\"(max-width: 2000px) 100vw, 2000px\" \/><div class=\"wp-block-getwid-banner__caption\"><div class=\"wp-block-getwid-banner__caption-wrapper\"><span class=\"wp-block-getwid-banner__title\">NEWSLETTER<\/span><\/div><\/div><\/div><\/a><\/div>\n\n\n\n<div class=\"wp-container-4 wp-block-columns\">\n<div class=\"wp-container-1 wp-block-column\" style=\"flex-basis:32%\"><\/div>\n\n\n\n<div class=\"wp-container-2 wp-block-column\" style=\"flex-basis:36%\">\n<p>Si vous souhaitez recevoir des mises \u00e0 jour sur les futures ventes, ench\u00e8res et sur mon travail en g\u00e9n\u00e9ral, vous pouvez vous inscrire ci-dessous :<\/p>\n\n\n\n<div style=\"height:13px\" aria-hidden=\"true\" class=\"wp-block-spacer\"><\/div>\n\n\n<input type=\"hidden\" name=\"es\" value=\"subscribe\" \/>\n\t\t\t<input type=\"hidden\" name=\"esfpx_es_form_identifier\" value=\"f4-n1\" \/>\n\t\t\t<input type=\"hidden\" name=\"esfpx_es_email_page\" value=\"12805\" \/>\n\t\t\t<input type=\"hidden\" name=\"esfpx_es_email_page_url\" value=\"https:\/\/sylgautier.art\/fr\/newsletter-subscribe\/\" \/>\n\t\t\t<input type=\"hidden\" name=\"esfpx_status\" value=\"Unconfirmed\" \/>\n\t\t\t<input type=\"hidden\" name=\"esfpx_es-subscribe\" id=\"es-subscribe-69f23caa72ca7\" value=\"d4db7e64ad\" \/>\n\t\t\t<label><input type=\"email\" name=\"esfpx_es_hp_email\" class=\"es_required_field\" tabindex=\"-1\" autocomplete=\"-1\" value=\"\" \/><\/label><div class=\"emaillist\" id=\"es_form_f4-n1\"><form action=\"\/fr\/wp-json\/wp\/v2\/pages\/12805#es_form_f4-n1\" method=\"post\" class=\"es_subscription_form es_shortcode_form\" id=\"es_subscription_form_69f23caa72ca7\" data-source=\"ig-es\" data-trp-original-action=\"\/fr\/wp-json\/wp\/v2\/pages\/12805#es_form_f4-n1\"><input type=\"hidden\" name=\"esfpx_form_id\" value=\"4\" \/><input type=\"hidden\" name=\"esfpx_lists[]\" value=\"8542f04910ce\" \/><input type=\"hidden\" name=\"es\" value=\"subscribe\" \/>\n\t\t\t<input type=\"hidden\" name=\"esfpx_es_form_identifier\" value=\"f4-n1\" \/>\n\t\t\t<input type=\"hidden\" name=\"esfpx_es_email_page\" value=\"12805\" \/>\n\t\t\t<input type=\"hidden\" name=\"esfpx_es_email_page_url\" value=\"https:\/\/sylgautier.art\/fr\/newsletter-subscribe\/\" \/>\n\t\t\t<input type=\"hidden\" name=\"esfpx_status\" value=\"Unconfirmed\" \/>\n\t\t\t<input type=\"hidden\" name=\"esfpx_es-subscribe\" id=\"es-subscribe-69f23caa72ca7\" value=\"d4db7e64ad\" \/>\n\t\t\t<label><input type=\"email\" name=\"esfpx_es_hp_email\" class=\"es_required_field\" tabindex=\"-1\" autocomplete=\"-1\" value=\"\" \/><\/label><style>* { box-sizing: border-box; } body {margin: 0;}*{box-sizing:border-box;}body{margin-top:0px;margin-right:0px;margin-bottom:0px;margin-left:0px;}.gjs-row input, .gjs-row select, .gjs-row textarea{padding-top:5px;padding-right:5px;padding-bottom:5px;padding-left:5px;margin-top:10px;margin-right:auto;margin-bottom:10px;margin-left:auto;}.gjs-row input[type=\"checkbox\"], .gjs-row input[type=\"radio\"]{margin-top:0px;margin-right:5px;margin-bottom:0px;margin-left:0px;}.gjs-row input[type=\"submit\"]{border-top-style:solid;border-right-style:solid;border-bottom-style:solid;border-left-style:solid;border-top-width:0px;border-right-width:0px;border-left-width:0px;border-bottom-width:0px;border-top-left-radius:2px;border-top-right-radius:2px;border-bottom-right-radius:2px;border-bottom-left-radius:2px;padding-top:15px;padding-right:30px;padding-bottom:15px;padding-left:30px;font-family:inherit;font-weight:inherit;line-height:1;}<\/style><div class=\"gjs-row\"><\/div><div class=\"gjs-row\"><div class=\"gjs-cell\"><div class=\"es-email\"><input type=\"email\" required name=\"esfpx_email\" placeholder=\"Entrez votre email\" autocomplete=\"off\" \/><\/div><\/div><\/div><div class=\"gjs-row\"><div class=\"gjs-cell\"><div id=\"undefined\" class=\"es-submit\"><input type=\"submit\" name=\"submit\" value=\"Envoyer\"><\/div><\/div><\/div><span class=\"es_spinner_image\" id=\"spinner-image\"><img src=\"https:\/\/sylgautier.art\/wp-content\/plugins\/email-subscribers\/lite\/public\/images\/spinner.gif\" alt=\"Loading\" \/><\/span><input type=\"hidden\" name=\"trp-form-language\" value=\"fr\"\/><\/form><span class=\"es_subscription_message\" id=\"es_subscription_message_69f23caa72ca7\"><\/span><\/div>\n\n\n<p><em>(v\u00e9rifiez vos emails pour confirmer votre abonnement)<\/em><\/p>\n<\/div>\n\n\n\n<div class=\"wp-container-3 wp-block-column\" style=\"flex-basis:32%\"><\/div>\n<\/div>","protected":false},"excerpt":{"rendered":"<p>If you wish to receive updates about future sales, auctions and my work in general, you can subscribe below: (check your emails to confirm your subscription)<\/p>","protected":false},"author":1,"featured_media":0,"parent":0,"menu_order":0,"comment_status":"closed","ping_status":"closed","template":"","meta":[],"yoast_head":"<!-- This site is optimized with the Yoast SEO plugin v19.1 - https:\/\/yoast.com\/wordpress\/plugins\/seo\/ -->\n<title>Sylvain Gautier - Newsletter-subscribe<\/title>\n<meta name=\"description\" content=\"Bonjour and welcome to my website. I am Sylvain Gautier, a French sculptor and cabinet maker.\" \/>\n<meta name=\"robots\" content=\"noindex, nofollow\" \/>\n<meta property=\"og:locale\" content=\"fr_FR\" \/>\n<meta property=\"og:type\" content=\"article\" \/>\n<meta property=\"og:title\" content=\"Sylvain Gautier - Newsletter-subscribe\" \/>\n<meta property=\"og:description\" content=\"Bonjour and welcome to my website. I am Sylvain Gautier, a French sculptor and cabinet maker.\" \/>\n<meta property=\"og:url\" content=\"https:\/\/sylgautier.art\/fr\/newsletter-subscribe\/\" \/>\n<meta property=\"og:site_name\" content=\"Sylvain Gautier\" \/>\n<meta property=\"article:publisher\" content=\"https:\/\/www.facebook.com\/syl.gautier\" \/>\n<meta property=\"article:modified_time\" content=\"2023-12-05T14:34:44+00:00\" \/>\n<meta property=\"og:image\" content=\"https:\/\/sylgautier.art\/wp-content\/uploads\/2022\/10\/banner-home-galery-06.jpg\" \/>\n<meta name=\"twitter:card\" content=\"summary_large_image\" \/>\n<meta name=\"twitter:site\" content=\"@SylGAUTIER\" \/>\n<meta name=\"twitter:label1\" content=\"Dur\u00e9e de lecture estim\u00e9e\" \/>\n\t<meta name=\"twitter:data1\" content=\"1 minute\" \/>\n<script type=\"application\/ld+json\" class=\"yoast-schema-graph\">{\"@context\":\"https:\/\/schema.org\",\"@graph\":[{\"@type\":[\"Person\",\"Organization\"],\"@id\":\"https:\/\/sylgautier.art\/#\/schema\/person\/629fcdd77d02474e5ee94fe355f025b1\",\"name\":\"syl.gautier\",\"image\":{\"@type\":\"ImageObject\",\"inLanguage\":\"fr-FR\",\"@id\":\"https:\/\/sylgautier.art\/#\/schema\/person\/image\/\",\"url\":\"https:\/\/sylgautier.art\/wp-content\/uploads\/2022\/09\/preview-home.jpg\",\"contentUrl\":\"https:\/\/sylgautier.art\/wp-content\/uploads\/2022\/09\/preview-home.jpg\",\"width\":1064,\"height\":709,\"caption\":\"syl.gautier\"},\"logo\":{\"@id\":\"https:\/\/sylgautier.art\/#\/schema\/person\/image\/\"},\"sameAs\":[\"http:\/\/sylgautier.art\",\"https:\/\/www.facebook.com\/syl.gautier\",\"https:\/\/www.instagram.com\/syl.gautier\/\",\"https:\/\/twitter.com\/https:\/\/twitter.com\/SylGAUTIER\",\"https:\/\/www.youtube.com\/c\/sylgautier\"]},{\"@type\":\"WebSite\",\"@id\":\"https:\/\/sylgautier.art\/#website\",\"url\":\"https:\/\/sylgautier.art\/\",\"name\":\"Sylvain Gautier\",\"description\":\"Sculpteur \/ \u00c9b\u00e9niste\",\"publisher\":{\"@id\":\"https:\/\/sylgautier.art\/#\/schema\/person\/629fcdd77d02474e5ee94fe355f025b1\"},\"potentialAction\":[{\"@type\":\"SearchAction\",\"target\":{\"@type\":\"EntryPoint\",\"urlTemplate\":\"https:\/\/sylgautier.art\/?s={search_term_string}\"},\"query-input\":\"required name=search_term_string\"}],\"inLanguage\":\"fr-FR\"},{\"@type\":\"ImageObject\",\"inLanguage\":\"fr-FR\",\"@id\":\"https:\/\/sylgautier.art\/newsletter-subscribe\/#primaryimage\",\"url\":\"https:\/\/sylgautier.art\/wp-content\/uploads\/2022\/10\/banner-home-galery-06.jpg\",\"contentUrl\":\"https:\/\/sylgautier.art\/wp-content\/uploads\/2022\/10\/banner-home-galery-06.jpg\",\"width\":2000,\"height\":1200},{\"@type\":\"WebPage\",\"@id\":\"https:\/\/sylgautier.art\/newsletter-subscribe\/#webpage\",\"url\":\"https:\/\/sylgautier.art\/newsletter-subscribe\/\",\"name\":\"Sylvain Gautier - Newsletter-subscribe\",\"isPartOf\":{\"@id\":\"https:\/\/sylgautier.art\/#website\"},\"primaryImageOfPage\":{\"@id\":\"https:\/\/sylgautier.art\/newsletter-subscribe\/#primaryimage\"},\"datePublished\":\"2023-12-04T13:30:44+00:00\",\"dateModified\":\"2023-12-05T14:34:44+00:00\",\"description\":\"Bonjour and welcome to my website. I am Sylvain Gautier, a French sculptor and cabinet maker.\",\"breadcrumb\":{\"@id\":\"https:\/\/sylgautier.art\/newsletter-subscribe\/#breadcrumb\"},\"inLanguage\":\"fr-FR\",\"potentialAction\":[{\"@type\":\"ReadAction\",\"target\":[\"https:\/\/sylgautier.art\/newsletter-subscribe\/\"]}]},{\"@type\":\"BreadcrumbList\",\"@id\":\"https:\/\/sylgautier.art\/newsletter-subscribe\/#breadcrumb\",\"itemListElement\":[{\"@type\":\"ListItem\",\"position\":1,\"name\":\"Home\",\"item\":\"https:\/\/sylgautier.art\/\"},{\"@type\":\"ListItem\",\"position\":2,\"name\":\"Newsletter-subscribe\"}]}]}<\/script>\n<!-- \/ Yoast SEO plugin. -->","yoast_head_json":{"title":"Sylvain Gautier - Newsletter-subscribe","description":"Bonjour and welcome to my website. I am Sylvain Gautier, a French sculptor and cabinet maker.","robots":{"index":"noindex","follow":"nofollow"},"og_locale":"fr_FR","og_type":"article","og_title":"Sylvain Gautier - Newsletter-subscribe","og_description":"Bonjour and welcome to my website. I am Sylvain Gautier, a French sculptor and cabinet maker.","og_url":"https:\/\/sylgautier.art\/fr\/newsletter-subscribe\/","og_site_name":"Sylvain Gautier","article_publisher":"https:\/\/www.facebook.com\/syl.gautier","article_modified_time":"2023-12-05T14:34:44+00:00","og_image":[{"url":"https:\/\/sylgautier.art\/wp-content\/uploads\/2022\/10\/banner-home-galery-06.jpg"}],"twitter_card":"summary_large_image","twitter_site":"@SylGAUTIER","twitter_misc":{"Dur\u00e9e de lecture estim\u00e9e":"1 minute"},"schema":{"@context":"https:\/\/schema.org","@graph":[{"@type":["Person","Organization"],"@id":"https:\/\/sylgautier.art\/#\/schema\/person\/629fcdd77d02474e5ee94fe355f025b1","name":"syl.gautier","image":{"@type":"ImageObject","inLanguage":"fr-FR","@id":"https:\/\/sylgautier.art\/#\/schema\/person\/image\/","url":"https:\/\/sylgautier.art\/wp-content\/uploads\/2022\/09\/preview-home.jpg","contentUrl":"https:\/\/sylgautier.art\/wp-content\/uploads\/2022\/09\/preview-home.jpg","width":1064,"height":709,"caption":"syl.gautier"},"logo":{"@id":"https:\/\/sylgautier.art\/#\/schema\/person\/image\/"},"sameAs":["http:\/\/sylgautier.art","https:\/\/www.facebook.com\/syl.gautier","https:\/\/www.instagram.com\/syl.gautier\/","https:\/\/twitter.com\/https:\/\/twitter.com\/SylGAUTIER","https:\/\/www.youtube.com\/c\/sylgautier"]},{"@type":"WebSite","@id":"https:\/\/sylgautier.art\/#website","url":"https:\/\/sylgautier.art\/","name":"Sylvain Gautier","description":"Sculpteur \/ \u00c9b\u00e9niste","publisher":{"@id":"https:\/\/sylgautier.art\/#\/schema\/person\/629fcdd77d02474e5ee94fe355f025b1"},"potentialAction":[{"@type":"SearchAction","target":{"@type":"EntryPoint","urlTemplate":"https:\/\/sylgautier.art\/?s={search_term_string}"},"query-input":"required name=search_term_string"}],"inLanguage":"fr-FR"},{"@type":"ImageObject","inLanguage":"fr-FR","@id":"https:\/\/sylgautier.art\/newsletter-subscribe\/#primaryimage","url":"https:\/\/sylgautier.art\/wp-content\/uploads\/2022\/10\/banner-home-galery-06.jpg","contentUrl":"https:\/\/sylgautier.art\/wp-content\/uploads\/2022\/10\/banner-home-galery-06.jpg","width":2000,"height":1200},{"@type":"WebPage","@id":"https:\/\/sylgautier.art\/newsletter-subscribe\/#webpage","url":"https:\/\/sylgautier.art\/newsletter-subscribe\/","name":"Sylvain Gautier - Newsletter-subscribe","isPartOf":{"@id":"https:\/\/sylgautier.art\/#website"},"primaryImageOfPage":{"@id":"https:\/\/sylgautier.art\/newsletter-subscribe\/#primaryimage"},"datePublished":"2023-12-04T13:30:44+00:00","dateModified":"2023-12-05T14:34:44+00:00","description":"Bonjour and welcome to my website. I am Sylvain Gautier, a French sculptor and cabinet maker.","breadcrumb":{"@id":"https:\/\/sylgautier.art\/newsletter-subscribe\/#breadcrumb"},"inLanguage":"fr-FR","potentialAction":[{"@type":"ReadAction","target":["https:\/\/sylgautier.art\/newsletter-subscribe\/"]}]},{"@type":"BreadcrumbList","@id":"https:\/\/sylgautier.art\/newsletter-subscribe\/#breadcrumb","itemListElement":[{"@type":"ListItem","position":1,"name":"Home","item":"https:\/\/sylgautier.art\/"},{"@type":"ListItem","position":2,"name":"Newsletter-subscribe"}]}]}},"post_mailing_queue_ids":[],"_links":{"self":[{"href":"https:\/\/sylgautier.art\/fr\/wp-json\/wp\/v2\/pages\/12805"}],"collection":[{"href":"https:\/\/sylgautier.art\/fr\/wp-json\/wp\/v2\/pages"}],"about":[{"href":"https:\/\/sylgautier.art\/fr\/wp-json\/wp\/v2\/types\/page"}],"author":[{"embeddable":true,"href":"https:\/\/sylgautier.art\/fr\/wp-json\/wp\/v2\/users\/1"}],"replies":[{"embeddable":true,"href":"https:\/\/sylgautier.art\/fr\/wp-json\/wp\/v2\/comments?post=12805"}],"version-history":[{"count":10,"href":"https:\/\/sylgautier.art\/fr\/wp-json\/wp\/v2\/pages\/12805\/revisions"}],"predecessor-version":[{"id":12819,"href":"https:\/\/sylgautier.art\/fr\/wp-json\/wp\/v2\/pages\/12805\/revisions\/12819"}],"wp:attachment":[{"href":"https:\/\/sylgautier.art\/fr\/wp-json\/wp\/v2\/media?parent=12805"}],"curies":[{"name":"wp","href":"https:\/\/api.w.org\/{rel}","templated":true}]}}