{"id":12369,"date":"2023-12-02T13:14:16","date_gmt":"2023-12-02T12:14:16","guid":{"rendered":"https:\/\/sylgautier.art\/?page_id=12369"},"modified":"2025-10-16T21:16:48","modified_gmt":"2025-10-16T19:16:48","slug":"about-auction","status":"publish","type":"page","link":"https:\/\/sylgautier.art\/fr\/about-auction\/","title":{"rendered":"about-auction"},"content":{"rendered":"<p class=\"has-text-align-center AbAuction-title\"><strong>\u00c0 PROPOS DES ENCH\u00c8RES<\/strong><\/p>\n\n\n\n<div class=\"wp-container-3 wp-block-group AbAuction-corps\"><div class=\"wp-block-group__inner-container\">\n<p class=\"AbAuction-explain translation-block\">Veuillez lire attentivement ces informations sur le processus d'ench\u00e8res sur mon site Web. <br>Si vous avez des questions, vous pouvez m'envoyer un email \u00e0 <a href=\"mailto:hello@sylgautier.art\" target=\"_self\">hello@sylgautier.art<\/a><\/p>\n\n\n\n<div class=\"wp-container-1 wp-block-group alignwide\"><div class=\"wp-block-group__inner-container\">\n<p class=\"has-text-align-left AbAuction-item has-larger-font-size\"><strong><strong>Informations g\u00e9n\u00e9rales<\/strong><\/strong><\/p>\n\n\n\n<ul><li class=\" translation-block\"><strong>Inscription\u00a0:<\/strong>\u00a0Vous devez vous inscrire sur mon site Web pour ench\u00e9rir.<\/li><li class=\" translation-block\"><strong>Devise\u00a0:<\/strong>\u00a0Tous les prix sont en EURO.<\/li><li class=\" translation-block\"><strong>Incr\u00e9ments d'ench\u00e8res\u00a0:<\/strong> les ench\u00e8res doivent augmenter par incr\u00e9ments de 100\u00a0\u20ac ou plus.<\/li><li class=\" translation-block\"><strong>Nom\u00a0:<\/strong> Toutes les ench\u00e8res sont anonymes pour les autres utilisateurs. Seuls le montant et un extrait de votre nom seront affich\u00e9s dans la liste des ench\u00e8res.<\/li><li class=\" translation-block\"><strong>Notifications\u00a0:<\/strong> Si votre ench\u00e8re est surpass\u00e9e, vous recevrez un e-mail. Veuillez v\u00e9rifier vos spams si vous ne le recevez pas.<\/li><li class=\" translation-block\"><strong>Dur\u00e9e de la vente\u00a0: <\/strong>La vente de chaque sculpture dure 72\u00a0heures. En g\u00e9n\u00e9ral, la vente d\u00e9bute le jeudi \u00e0 17\u00a0h\u00a0GMT (Paris 19\u00a0h, Londres 18\u00a0h, New York 13\u00a0h, Los Angeles 10\u00a0h) et se termine le dimanche \u00e0 18\u00a0h\u00a0GMT.<\/li><li class=\" translation-block\"><strong>Minuteur<\/strong>\u00a0: Si une nouvelle ench\u00e8re est plac\u00e9e au cours des 2 derni\u00e8res minutes, 2 minutes seront ajout\u00e9es au minuteur. Votre ench\u00e8re doit \u00eatre maintenue pendant au moins les 2 derni\u00e8res minutes pour \u00eatre gagnante.<\/li><li class=\" translation-block\"><strong>Prix de r\u00e9serve\u00a0:<\/strong> Si le prix de r\u00e9serve n'est pas atteint, l'ench\u00e8re sera annul\u00e9e \u00e0 la fin du chronom\u00e8tre.<\/li><li class=\" translation-block\"><strong>Ench\u00e8res gagnantes\u00a0:<\/strong> L'ench\u00e9risseur gagnant sera contact\u00e9 par e-mail peu de temps apr\u00e8s la fin des ench\u00e8res pour confirmer sa commande, les d\u00e9tails d'exp\u00e9dition et les informations de paiement.<\/li><\/ul>\n\n\n\n<hr class=\"wp-block-separator alignwide has-alpha-channel-opacity bio-separator_sg\"\/>\n<\/div><\/div>\n\n\n\n<div class=\"wp-container-2 wp-block-group alignwide\"><div class=\"wp-block-group__inner-container\">\n<p class=\"has-text-align-left AbAuction-item has-larger-font-size\"><strong>Notes importantes<\/strong><\/p>\n\n\n\n<ul><li class=\" translation-block\">L'ench\u00e9risseur gagnant doit confirmer son offre dans l'heure suivant la r\u00e9ception de mon email, sinon j'attribuerai la sculpture au deuxi\u00e8me ench\u00e9risseur le plus offrant. Veuillez autoriser <a href=\"mailto:hello@sylgautier.art\" target=\"_self\">hello@sylgautier.art<\/a>.<\/li><li>Je me r\u00e9serve le droit de rejeter toute ench\u00e8re.<\/li><li>Bien que le minuteur et le montant de l'ench\u00e8re soient mis \u00e0 jour automatiquement, ils peuvent parfois \u00eatre en retard. Je vous conseille de rafra\u00eechir votre page r\u00e9guli\u00e8rement (surtout si vous suivez de pr\u00e8s les ench\u00e8res).<\/li><li>Tout paiement sera effectu\u00e9 par virement bancaire.<\/li><li>Aucun argent ne sera \u00e9chang\u00e9 via ce site Web.<\/li><li>Si on vous le demande, pas besoin de terminer le processus de commande ici, je vous contacterai directement par e-mail.<\/li><li>Les frais de port ne sont pas inclus dans le prix final. Pour un envoi dans le monde entier les frais sont estim\u00e9s entre 150\u20ac et 200\u20ac.<\/li><li>L'acheteur sera responsable de tous les droits de douane ou d\u00e9douanements pour une exp\u00e9dition internationale.<\/li><\/ul>\n\n\n\n<hr class=\"wp-block-separator alignwide has-alpha-channel-opacity bio-separator_sg\"\/>\n<\/div><\/div>\n<\/div><\/div>","protected":false},"excerpt":{"rendered":"<p>ABOUT THE AUCTION Please, read carefully this information about the auction process on my website. If you have any questions, you can send me an email to hello@sylgautier.art Key Guidelines: Register:&nbsp;You must register on my website to bid. Currency:&nbsp;All prices are in EURO. &nbsp;Bid Increments: Bids must increase by increments of 100\u20ac or more. Name: [&hellip;]<\/p>","protected":false},"author":1,"featured_media":0,"parent":0,"menu_order":0,"comment_status":"closed","ping_status":"closed","template":"","meta":[],"yoast_head":"<!-- This site is optimized with the Yoast SEO plugin v19.1 - https:\/\/yoast.com\/wordpress\/plugins\/seo\/ -->\n<title>Sylvain Gautier - about-auction<\/title>\n<meta name=\"description\" content=\"Bonjour and welcome to my website. I am Sylvain Gautier, a French sculptor and cabinet maker.\" \/>\n<meta name=\"robots\" content=\"noindex, nofollow\" \/>\n<meta property=\"og:locale\" content=\"fr_FR\" \/>\n<meta property=\"og:type\" content=\"article\" \/>\n<meta property=\"og:title\" content=\"Sylvain Gautier - about-auction\" \/>\n<meta property=\"og:description\" content=\"Bonjour and welcome to my website. I am Sylvain Gautier, a French sculptor and cabinet maker.\" \/>\n<meta property=\"og:url\" content=\"https:\/\/sylgautier.art\/fr\/about-auction\/\" \/>\n<meta property=\"og:site_name\" content=\"Sylvain Gautier\" \/>\n<meta property=\"article:publisher\" content=\"https:\/\/www.facebook.com\/syl.gautier\" \/>\n<meta property=\"article:modified_time\" content=\"2025-10-16T19:16:48+00:00\" \/>\n<meta name=\"twitter:card\" content=\"summary_large_image\" \/>\n<meta name=\"twitter:site\" content=\"@SylGAUTIER\" \/>\n<meta name=\"twitter:label1\" content=\"Dur\u00e9e de lecture estim\u00e9e\" \/>\n\t<meta name=\"twitter:data1\" content=\"2 minutes\" \/>\n<script type=\"application\/ld+json\" class=\"yoast-schema-graph\">{\"@context\":\"https:\/\/schema.org\",\"@graph\":[{\"@type\":[\"Person\",\"Organization\"],\"@id\":\"https:\/\/sylgautier.art\/#\/schema\/person\/629fcdd77d02474e5ee94fe355f025b1\",\"name\":\"syl.gautier\",\"image\":{\"@type\":\"ImageObject\",\"inLanguage\":\"fr-FR\",\"@id\":\"https:\/\/sylgautier.art\/#\/schema\/person\/image\/\",\"url\":\"https:\/\/sylgautier.art\/wp-content\/uploads\/2022\/09\/preview-home.jpg\",\"contentUrl\":\"https:\/\/sylgautier.art\/wp-content\/uploads\/2022\/09\/preview-home.jpg\",\"width\":1064,\"height\":709,\"caption\":\"syl.gautier\"},\"logo\":{\"@id\":\"https:\/\/sylgautier.art\/#\/schema\/person\/image\/\"},\"sameAs\":[\"http:\/\/sylgautier.art\",\"https:\/\/www.facebook.com\/syl.gautier\",\"https:\/\/www.instagram.com\/syl.gautier\/\",\"https:\/\/twitter.com\/https:\/\/twitter.com\/SylGAUTIER\",\"https:\/\/www.youtube.com\/c\/sylgautier\"]},{\"@type\":\"WebSite\",\"@id\":\"https:\/\/sylgautier.art\/#website\",\"url\":\"https:\/\/sylgautier.art\/\",\"name\":\"Sylvain Gautier\",\"description\":\"Sculpteur \/ \u00c9b\u00e9niste\",\"publisher\":{\"@id\":\"https:\/\/sylgautier.art\/#\/schema\/person\/629fcdd77d02474e5ee94fe355f025b1\"},\"potentialAction\":[{\"@type\":\"SearchAction\",\"target\":{\"@type\":\"EntryPoint\",\"urlTemplate\":\"https:\/\/sylgautier.art\/?s={search_term_string}\"},\"query-input\":\"required name=search_term_string\"}],\"inLanguage\":\"fr-FR\"},{\"@type\":\"WebPage\",\"@id\":\"https:\/\/sylgautier.art\/about-auction\/#webpage\",\"url\":\"https:\/\/sylgautier.art\/about-auction\/\",\"name\":\"Sylvain Gautier - about-auction\",\"isPartOf\":{\"@id\":\"https:\/\/sylgautier.art\/#website\"},\"datePublished\":\"2023-12-02T12:14:16+00:00\",\"dateModified\":\"2025-10-16T19:16:48+00:00\",\"description\":\"Bonjour and welcome to my website. I am Sylvain Gautier, a French sculptor and cabinet maker.\",\"breadcrumb\":{\"@id\":\"https:\/\/sylgautier.art\/about-auction\/#breadcrumb\"},\"inLanguage\":\"fr-FR\",\"potentialAction\":[{\"@type\":\"ReadAction\",\"target\":[\"https:\/\/sylgautier.art\/about-auction\/\"]}]},{\"@type\":\"BreadcrumbList\",\"@id\":\"https:\/\/sylgautier.art\/about-auction\/#breadcrumb\",\"itemListElement\":[{\"@type\":\"ListItem\",\"position\":1,\"name\":\"Home\",\"item\":\"https:\/\/sylgautier.art\/\"},{\"@type\":\"ListItem\",\"position\":2,\"name\":\"about-auction\"}]}]}<\/script>\n<!-- \/ Yoast SEO plugin. -->","yoast_head_json":{"title":"Sylvain Gautier - about-auction","description":"Bonjour and welcome to my website. I am Sylvain Gautier, a French sculptor and cabinet maker.","robots":{"index":"noindex","follow":"nofollow"},"og_locale":"fr_FR","og_type":"article","og_title":"Sylvain Gautier - about-auction","og_description":"Bonjour and welcome to my website. I am Sylvain Gautier, a French sculptor and cabinet maker.","og_url":"https:\/\/sylgautier.art\/fr\/about-auction\/","og_site_name":"Sylvain Gautier","article_publisher":"https:\/\/www.facebook.com\/syl.gautier","article_modified_time":"2025-10-16T19:16:48+00:00","twitter_card":"summary_large_image","twitter_site":"@SylGAUTIER","twitter_misc":{"Dur\u00e9e de lecture estim\u00e9e":"2 minutes"},"schema":{"@context":"https:\/\/schema.org","@graph":[{"@type":["Person","Organization"],"@id":"https:\/\/sylgautier.art\/#\/schema\/person\/629fcdd77d02474e5ee94fe355f025b1","name":"syl.gautier","image":{"@type":"ImageObject","inLanguage":"fr-FR","@id":"https:\/\/sylgautier.art\/#\/schema\/person\/image\/","url":"https:\/\/sylgautier.art\/wp-content\/uploads\/2022\/09\/preview-home.jpg","contentUrl":"https:\/\/sylgautier.art\/wp-content\/uploads\/2022\/09\/preview-home.jpg","width":1064,"height":709,"caption":"syl.gautier"},"logo":{"@id":"https:\/\/sylgautier.art\/#\/schema\/person\/image\/"},"sameAs":["http:\/\/sylgautier.art","https:\/\/www.facebook.com\/syl.gautier","https:\/\/www.instagram.com\/syl.gautier\/","https:\/\/twitter.com\/https:\/\/twitter.com\/SylGAUTIER","https:\/\/www.youtube.com\/c\/sylgautier"]},{"@type":"WebSite","@id":"https:\/\/sylgautier.art\/#website","url":"https:\/\/sylgautier.art\/","name":"Sylvain Gautier","description":"Sculpteur \/ \u00c9b\u00e9niste","publisher":{"@id":"https:\/\/sylgautier.art\/#\/schema\/person\/629fcdd77d02474e5ee94fe355f025b1"},"potentialAction":[{"@type":"SearchAction","target":{"@type":"EntryPoint","urlTemplate":"https:\/\/sylgautier.art\/?s={search_term_string}"},"query-input":"required name=search_term_string"}],"inLanguage":"fr-FR"},{"@type":"WebPage","@id":"https:\/\/sylgautier.art\/about-auction\/#webpage","url":"https:\/\/sylgautier.art\/about-auction\/","name":"Sylvain Gautier - about-auction","isPartOf":{"@id":"https:\/\/sylgautier.art\/#website"},"datePublished":"2023-12-02T12:14:16+00:00","dateModified":"2025-10-16T19:16:48+00:00","description":"Bonjour and welcome to my website. I am Sylvain Gautier, a French sculptor and cabinet maker.","breadcrumb":{"@id":"https:\/\/sylgautier.art\/about-auction\/#breadcrumb"},"inLanguage":"fr-FR","potentialAction":[{"@type":"ReadAction","target":["https:\/\/sylgautier.art\/about-auction\/"]}]},{"@type":"BreadcrumbList","@id":"https:\/\/sylgautier.art\/about-auction\/#breadcrumb","itemListElement":[{"@type":"ListItem","position":1,"name":"Home","item":"https:\/\/sylgautier.art\/"},{"@type":"ListItem","position":2,"name":"about-auction"}]}]}},"post_mailing_queue_ids":[],"_links":{"self":[{"href":"https:\/\/sylgautier.art\/fr\/wp-json\/wp\/v2\/pages\/12369"}],"collection":[{"href":"https:\/\/sylgautier.art\/fr\/wp-json\/wp\/v2\/pages"}],"about":[{"href":"https:\/\/sylgautier.art\/fr\/wp-json\/wp\/v2\/types\/page"}],"author":[{"embeddable":true,"href":"https:\/\/sylgautier.art\/fr\/wp-json\/wp\/v2\/users\/1"}],"replies":[{"embeddable":true,"href":"https:\/\/sylgautier.art\/fr\/wp-json\/wp\/v2\/comments?post=12369"}],"version-history":[{"count":23,"href":"https:\/\/sylgautier.art\/fr\/wp-json\/wp\/v2\/pages\/12369\/revisions"}],"predecessor-version":[{"id":13082,"href":"https:\/\/sylgautier.art\/fr\/wp-json\/wp\/v2\/pages\/12369\/revisions\/13082"}],"wp:attachment":[{"href":"https:\/\/sylgautier.art\/fr\/wp-json\/wp\/v2\/media?parent=12369"}],"curies":[{"name":"wp","href":"https:\/\/api.w.org\/{rel}","templated":true}]}}